{"id":8137,"date":"2018-06-04T16:19:03","date_gmt":"2018-06-04T14:19:03","guid":{"rendered":"https:\/\/www.heptown.com\/lth\/"},"modified":"2019-12-18T17:06:24","modified_gmt":"2019-12-18T16:06:24","slug":"lth","status":"publish","type":"page","link":"https:\/\/www.heptown.com\/sv\/lth\/","title":{"rendered":"HepTown Swing \u2764 TLTHs-danskurser"},"content":{"rendered":"\n<p>Together with TLTHs-danskurser we bring all students a really good deal on an exclusive beginners Lindy Hop weekend at K\u00e5rhuset in Lund.<\/p>\n\n\n\n<p><strong>Note!<\/strong> This weekend is only open to students (regardless of where and what you study) any youth below 26<\/p>\n\n\n\n<h2 class=\"wp-block-heading\">Lindy Hop Weekend and continued course for students &amp; youth<\/h2>\n\n\n\n\n\n<!-- \n    Content retrieved by CogWork API\n    Host = dans\n    Content type = shop\n    JSON Data URL = https:\/\/dans.se\/api\/json\/?org=heptown&contentType=shop&new&lang=en&eventgroup=TLTH&searchform=0&localUrl=https%3A%2F%2Fheptown.se%2Fsv%2Fwp-json%2Fwp%2Fv2%2Fpages%2F8137&localJsonEncodedRequest=%5B%5D\n-->\n<link rel=\"stylesheet\" href=\"https:\/\/dans.se\/files\/1366\/css\/theme.light.css\" type=\"text\/css\" media=\"all\" \/>\n<link rel=\"stylesheet\" href=\"https:\/\/dans.se\/files\/1366\/css\/lib.css\" type=\"text\/css\" media=\"all\" \/>\n<link rel=\"stylesheet\" href=\"https:\/\/static.cogwork.net\/stylesheets\/44o3VnIvDV7OG0kaWaHVE09n.css\" type=\"text\/css\" media=\"all\" \/>\n\n                    <table class=\"cwEvents\">\n                        <tr class=\"headerRow cwDisplayDependencyOnChangeFollow_eventBlock_7197054\">\n                            <th class=\"title\" colspan=\"1\"><\/th>\n                            <th class=\"onMediumScreenPlus cwDisplayDependencyOnChangeFollow_eventBlock_7197054 levels\">Level<\/th>\n                            <th class=\"onMediumScreenPlus cwDisplayDependencyOnChangeFollow_eventBlock_7197054 numberOfOccasions\" title=\"Number of occasions\"><\/th>\n                            <th class=\"onMediumScreenPlus cwDisplayDependencyOnChangeFollow_eventBlock_7197054 price\">Price<\/th>\n                            <th class=\"onMediumScreenPlus cwDisplayDependencyOnChangeFollow_eventBlock_7197054 status cwNoPrint\">&nbsp;<\/th>\n                            <th class=\"statusIcon icon onSmallScreenOnly cwNoPrint cwDisplayDependencyOnChangeFollow_eventBlock_7197054\">&nbsp;<\/th>\n                        <\/tr>\n                        <tr class=\"dataRow blockData_7197054 row_1 cwDisplayDependencyOnChangeFollow_eventBlock_7197054\" title=\"Direct registration until \" onclick=\"cwOpenNewShopWin('https:\/\/dans.se\/heptown\/shop\/?event=81550&info=1'); gtag('event', 'click', {'event_category': 'Outbound Link', 'event_label': 'Destination Domain'}); return false;\">\n                            <td class=\"title\">\n                                <a href=\"https:\/\/dans.se\/heptown\/shop\/?event=81550&amp;info=1\" title=\"Direct registration until \" onclick=\"cwOpenNewShopWin('https:\/\/dans.se\/heptown\/shop\/?event=81550&info=1'); gtag('event', 'click', {'event_category': 'Outbound Link', 'event_label': 'Destination Domain'}); return false;\" class=\"regLink\">Volunteer in the HepCat crew<\/a>\n                                <div class=\"onSmallScreenOnly smallScreenEventSubTitle\">\n                                <\/div>\n                            <\/td>\n                            <td class=\"onMediumScreenPlus levels\"><\/td>\n                            <td class=\"onMediumScreenPlus numberOfOccasions\" title=\"Number of occasions\"><\/td>\n                            <td class=\"onMediumScreenPlus price\"><\/td>\n                            <td class=\"onMediumScreenPlus status cwNoPrint\" style=\"text-align: right;\"><a href=\"https:\/\/dans.se\/heptown\/shop\/?event=81550&amp;info=1\" title=\"Direct registration until \" onclick=\"cwOpenNewShopWin('https:\/\/dans.se\/heptown\/shop\/?event=81550&info=1'); gtag('event', 'click', {'event_category': 'Outbound Link', 'event_label': 'Destination Domain'}); return false;\" class=\"regLink cwLinkSmallIconRight regLink cwLinkSmallIconRight\" style=\"text-decoration:none;\">Direct<\/a><\/td>\n                            <td class=\"statusIcon icon onSmallScreenOnly cwNoPrint\"><a href=\"https:\/\/dans.se\/heptown\/shop\/?event=81550&amp;info=1\" title=\"Direct registration until \" onclick=\"cwOpenNewShopWin('https:\/\/dans.se\/heptown\/shop\/?event=81550&info=1'); gtag('event', 'click', {'event_category': 'Outbound Link', 'event_label': 'Destination Domain'}); return false;\" class=\"\"> <img loading=\"lazy\" decoding=\"async\" style=\"vertical-align: middle; margin-left: 0.50em;\" src=\"https:\/\/dans.se\/images\/pix.gif\" width=\"16\" height=\"16\" alt=\"\"><\/a><\/td>\n                        <\/tr>\n                        <tr class=\"spacingRow cwDisplayDependencyOnChangeFollow_eventBlock_7197054\">            <td class=\"title\"><\/td>\n                            <td class=\"onMediumScreenPlus levels\"><\/td>\n                            <td class=\"onMediumScreenPlus numberOfOccasions\"><\/td>\n                            <td class=\"onMediumScreenPlus price\"><\/td>\n                            <td class=\"onMediumScreenPlus status cwNoPrint\"><\/td>\n                            <td class=\"statusIcon icon onSmallScreenOnly cwNoPrint\"><\/td>\n                        <\/tr>\n                    <\/table>\n<script type=\"text\/javascript\" src=\"https:\/\/dans.se\/files\/1366\/js\/lib.js\"><\/script>\n\n\n\n<p><a href=\"https:\/\/www.heptown.com\/classes\/schedule\/\">Click here for a schedule of all swing courses and classes open to everyone..<\/a><\/p>\n\n\n\n<p><a href=\"https:\/\/www.facebook.com\/pg\/SwinginHepTown\/events\">And here for a bunch of social swing dance events and more&#8230;<\/a><\/p>\n\n\n\n<h3 class=\"wp-block-heading\">Event with a beginners&#8217; Lindy Hop taster that is free for LTH students<\/h3>\n\n\n\n<p>And really cheap for all other students and youth below 26<\/p>\n\n\n\n<div  class=\"tribe-compatibility-container\" >\n\t<div\n\t\t class=\"tribe-common tribe-events tribe-events-view tribe-events-view--widget-events-list tribe-events-widget\" \t\tdata-js=\"tribe-events-view\"\n\t\tdata-view-rest-url=\"https:\/\/www.heptown.com\/sv\/wp-json\/tribe\/views\/v2\/html\"\n\t\tdata-view-manage-url=\"1\"\n\t\t\t\t\t\t\tdata-view-breakpoint-pointer=\"d6aa4b80-8367-4074-939f-3af6a6e60d6c\"\n\t\t\t>\n\t\t<div class=\"tribe-events-widget-events-list\">\n\n\t\t\t\n\t\t\t<script data-js=\"tribe-events-view-data\" type=\"application\/json\">\n\t{\"slug\":\"widget-events-list\",\"prev_url\":\"\",\"next_url\":\"\",\"view_class\":\"Tribe\\\\Events\\\\Views\\\\V2\\\\Views\\\\Widgets\\\\Widget_List_View\",\"view_slug\":\"widget-events-list\",\"view_label\":\"View\",\"view\":null,\"should_manage_url\":true,\"id\":null,\"alias-slugs\":null,\"title\":\"Kommande Evenemang \\u2013 HepTown\",\"limit\":5,\"no_upcoming_events\":false,\"featured_events_only\":null,\"jsonld_enable\":false,\"tribe_is_list_widget\":true,\"admin_fields\":{\"title\":{\"label\":\"Rubrik:\",\"type\":\"text\",\"parent_classes\":\"\",\"classes\":\"\",\"dependency\":\"\",\"id\":\"widget-tribe-widget-events-list--1-title\",\"name\":\"widget-tribe-widget-events-list[-1][title]\",\"options\":[],\"placeholder\":\"\",\"value\":null},\"limit\":{\"label\":\"Visa:\",\"type\":\"number\",\"default\":5,\"min\":1,\"max\":10,\"step\":1,\"parent_classes\":\"\",\"classes\":\"\",\"dependency\":\"\",\"id\":\"widget-tribe-widget-events-list--1-limit\",\"name\":\"widget-tribe-widget-events-list[-1][limit]\",\"options\":[],\"placeholder\":\"\",\"value\":null},\"metadata_section\":{\"type\":\"fieldset\",\"classes\":\"tribe-common-form-control-checkbox-checkbox-group\",\"label\":\"Visa:\",\"children\":{\"cost\":{\"type\":\"checkbox\",\"label\":\"Pris\",\"parent_classes\":\"\",\"classes\":\"\",\"dependency\":\"\",\"id\":\"widget-tribe-widget-events-list--1-cost\",\"name\":\"widget-tribe-widget-events-list[-1][cost]\",\"options\":[],\"placeholder\":\"\",\"value\":null},\"venue\":{\"type\":\"checkbox\",\"label\":\"Anl\\u00e4ggning\",\"parent_classes\":\"\",\"classes\":\"\",\"dependency\":\"\",\"id\":\"widget-tribe-widget-events-list--1-venue\",\"name\":\"widget-tribe-widget-events-list[-1][venue]\",\"options\":[],\"placeholder\":\"\",\"value\":null},\"street\":{\"type\":\"checkbox\",\"label\":\"Gata\",\"parent_classes\":\"\",\"classes\":\"\",\"dependency\":\"\",\"id\":\"widget-tribe-widget-events-list--1-street\",\"name\":\"widget-tribe-widget-events-list[-1][street]\",\"options\":[],\"placeholder\":\"\",\"value\":null},\"city\":{\"type\":\"checkbox\",\"label\":\"Stad\",\"parent_classes\":\"\",\"classes\":\"\",\"dependency\":\"\",\"id\":\"widget-tribe-widget-events-list--1-city\",\"name\":\"widget-tribe-widget-events-list[-1][city]\",\"options\":[],\"placeholder\":\"\",\"value\":null},\"region\":{\"type\":\"checkbox\",\"label\":\"Stat (US) eller provins (internationellt)\",\"parent_classes\":\"\",\"classes\":\"\",\"dependency\":\"\",\"id\":\"widget-tribe-widget-events-list--1-region\",\"name\":\"widget-tribe-widget-events-list[-1][region]\",\"options\":[],\"placeholder\":\"\",\"value\":null},\"zip\":{\"type\":\"checkbox\",\"label\":\"Postnummer\",\"parent_classes\":\"\",\"classes\":\"\",\"dependency\":\"\",\"id\":\"widget-tribe-widget-events-list--1-zip\",\"name\":\"widget-tribe-widget-events-list[-1][zip]\",\"options\":[],\"placeholder\":\"\",\"value\":null},\"country\":{\"type\":\"checkbox\",\"label\":\"Land\",\"parent_classes\":\"\",\"classes\":\"\",\"dependency\":\"\",\"id\":\"widget-tribe-widget-events-list--1-country\",\"name\":\"widget-tribe-widget-events-list[-1][country]\",\"options\":[],\"placeholder\":\"\",\"value\":null},\"phone\":{\"type\":\"checkbox\",\"label\":\"Telefon\",\"parent_classes\":\"\",\"classes\":\"\",\"dependency\":\"\",\"id\":\"widget-tribe-widget-events-list--1-phone\",\"name\":\"widget-tribe-widget-events-list[-1][phone]\",\"options\":[],\"placeholder\":\"\",\"value\":null},\"organizer\":{\"type\":\"checkbox\",\"label\":\"Arrang\\u00f6r\",\"parent_classes\":\"\",\"classes\":\"\",\"dependency\":\"\",\"id\":\"widget-tribe-widget-events-list--1-organizer\",\"name\":\"widget-tribe-widget-events-list[-1][organizer]\",\"options\":[],\"placeholder\":\"\",\"value\":null},\"website\":{\"type\":\"checkbox\",\"label\":\"Hemsida\",\"parent_classes\":\"\",\"classes\":\"\",\"dependency\":\"\",\"id\":\"widget-tribe-widget-events-list--1-website\",\"name\":\"widget-tribe-widget-events-list[-1][website]\",\"options\":[],\"placeholder\":\"\",\"value\":null}},\"parent_classes\":\"\",\"dependency\":\"\",\"id\":\"widget-tribe-widget-events-list--1-metadata_section\",\"name\":\"widget-tribe-widget-events-list[-1][metadata_section]\",\"options\":[],\"placeholder\":\"\",\"value\":null},\"taxonomy_section\":{\"type\":\"section\",\"classes\":[\"calendar-widget-filters-container\"],\"label\":\"Filter:\",\"children\":{\"filters\":{\"type\":\"taxonomy-filters\",\"parent_classes\":\"\",\"classes\":\"\",\"dependency\":\"\",\"id\":\"widget-tribe-widget-events-list--1-filters\",\"label\":\"\",\"name\":\"widget-tribe-widget-events-list[-1][filters]\",\"options\":[],\"placeholder\":\"\",\"value\":null,\"list_items\":[]},\"operand\":{\"type\":\"fieldset\",\"classes\":\"tribe-common-form-control-checkbox-radio-group\",\"label\":\"Operand:\",\"selected\":\"OR\",\"children\":[{\"type\":\"radio\",\"label\":\"Match any\",\"button_value\":\"OR\",\"parent_classes\":\"\",\"classes\":\"\",\"dependency\":\"\",\"id\":\"widget-tribe-widget-events-list--1-operand\",\"name\":\"widget-tribe-widget-events-list[-1][operand]\",\"options\":[],\"placeholder\":\"\",\"value\":null},{\"type\":\"radio\",\"label\":\"Match all\",\"button_value\":\"AND\",\"parent_classes\":\"\",\"classes\":\"\",\"dependency\":\"\",\"id\":\"widget-tribe-widget-events-list--1-operand\",\"name\":\"widget-tribe-widget-events-list[-1][operand]\",\"options\":[],\"placeholder\":\"\",\"value\":null}],\"parent_classes\":\"\",\"dependency\":\"\",\"id\":\"widget-tribe-widget-events-list--1-operand\",\"name\":\"widget-tribe-widget-events-list[-1][operand]\",\"options\":[],\"placeholder\":\"\",\"value\":null}},\"parent_classes\":\"\",\"dependency\":\"\",\"id\":\"widget-tribe-widget-events-list--1-taxonomy_section\",\"name\":\"widget-tribe-widget-events-list[-1][taxonomy_section]\",\"options\":[],\"placeholder\":\"\",\"value\":null},\"taxonomy\":{\"type\":\"taxonomy\",\"classes\":\"calendar-widget-add-filter\",\"label\":\"L\\u00e4gg till ett filter:\",\"placeholder\":\"V\\u00e4lj en klassifikation\",\"parent_classes\":\"\",\"dependency\":\"\",\"id\":\"widget-tribe-widget-events-list--1-taxonomy\",\"name\":\"widget-tribe-widget-events-list[-1][taxonomy]\",\"options\":[],\"value\":null},\"no_upcoming_events\":{\"label\":\"D\\u00f6lj den h\\u00e4r widgeten om det inte finns n\\u00e5gra kommande evenemang.\",\"type\":\"checkbox\",\"parent_classes\":\"\",\"classes\":\"\",\"dependency\":\"\",\"id\":\"widget-tribe-widget-events-list--1-no_upcoming_events\",\"name\":\"widget-tribe-widget-events-list[-1][no_upcoming_events]\",\"options\":[],\"placeholder\":\"\",\"value\":null},\"featured_events_only\":{\"label\":\"Limit to featured events only\",\"type\":\"checkbox\",\"parent_classes\":\"\",\"classes\":\"\",\"dependency\":\"\",\"id\":\"widget-tribe-widget-events-list--1-featured_events_only\",\"name\":\"widget-tribe-widget-events-list[-1][featured_events_only]\",\"options\":[],\"placeholder\":\"\",\"value\":null},\"jsonld_enable\":{\"label\":\"Generera JSON-LD-data\",\"type\":\"checkbox\",\"parent_classes\":\"\",\"classes\":\"\",\"dependency\":\"\",\"id\":\"widget-tribe-widget-events-list--1-jsonld_enable\",\"name\":\"widget-tribe-widget-events-list[-1][jsonld_enable]\",\"options\":[],\"placeholder\":\"\",\"value\":null}},\"venue\":false,\"country\":false,\"street\":false,\"city\":false,\"region\":false,\"zip\":false,\"phone\":false,\"cost\":false,\"organizer\":false,\"website\":false,\"operand\":\"OR\",\"filters\":{\"post_tag\":[],\"tribe_events_cat\":[101]},\"address\":false,\"events\":[],\"url\":\"https:\\\/\\\/www.heptown.com\\\/sv\\\/?post_type=tribe_events&eventDisplay=widget-events-list\",\"url_event_date\":false,\"bar\":{\"keyword\":\"\",\"date\":\"\"},\"today\":\"2026-04-20 00:00:00\",\"now\":\"2026-04-20 14:10:18\",\"home_url\":\"https:\\\/\\\/www.heptown.com\\\/sv\\\/\",\"rest_url\":\"https:\\\/\\\/www.heptown.com\\\/sv\\\/wp-json\\\/tribe\\\/views\\\/v2\\\/html\",\"rest_method\":\"GET\",\"rest_nonce\":\"\",\"today_url\":\"https:\\\/\\\/www.heptown.com\\\/sv\\\/?post_type=tribe_events&eventDisplay=widget-events-list&rest_route=%2Fwp%2Fv2%2Fpages%2F8137\",\"today_title\":\"Klicka f\\u00f6r att v\\u00e4lja dagens datum\",\"today_label\":\"Idag\",\"prev_label\":\"\",\"next_label\":\"\",\"date_formats\":{\"compact\":\"Y-m-d\",\"month_and_year_compact\":\"Y-m\",\"month_and_year\":\"F Y\",\"time_range_separator\":\" - \",\"date_time_separator\":\" @ \"},\"messages\":{\"notice\":[\"Det finns inga kommande evenemang.\"]},\"start_of_week\":\"1\",\"header_title\":\"\",\"header_title_element\":\"h1\",\"content_title\":\"\",\"show_content_title\":false,\"breadcrumbs\":[],\"backlink\":false,\"before_events\":\"\",\"after_events\":\"\\n<!--\\nThis calendar is powered by The Events Calendar.\\nhttp:\\\/\\\/evnt.is\\\/18wn\\n-->\\n\",\"display_events_bar\":false,\"disable_event_search\":true,\"live_refresh\":false,\"ical\":{\"display_link\":true,\"link\":{\"url\":\"https:\\\/\\\/www.heptown.com\\\/sv\\\/?post_type=tribe_events&#038;eventDisplay=widget-events-list&#038;ical=1\",\"text\":\"Exportera Evenemang\",\"title\":\"Anv\\u00e4nd detta f\\u00f6r att dela kalenderdata med Google Kalendar, Apple iCal och andra kompatibla appar\"}},\"container_classes\":[\"tribe-common\",\"tribe-events\",\"tribe-events-view\",\"tribe-events-view--widget-events-list\",\"tribe-events-widget\"],\"container_data\":[],\"is_past\":false,\"breakpoints\":{\"xsmall\":500,\"medium\":768,\"full\":960},\"breakpoint_pointer\":\"d6aa4b80-8367-4074-939f-3af6a6e60d6c\",\"is_initial_load\":false,\"public_views\":{\"list\":{\"view_class\":\"Tribe\\\\Events\\\\Views\\\\V2\\\\Views\\\\List_View\",\"view_url\":\"https:\\\/\\\/www.heptown.com\\\/sv\\\/calendar\\\/lista\\\/\",\"view_label\":\"Lista\",\"aria_label\":\"Display Evenemang in Lista View\"},\"month\":{\"view_class\":\"Tribe\\\\Events\\\\Views\\\\V2\\\\Views\\\\Month_View\",\"view_url\":\"https:\\\/\\\/www.heptown.com\\\/sv\\\/calendar\\\/(\\\/?:month|mnad|m\\u00e5nad)\\\/\",\"view_label\":\"M\\u00e5nad\",\"aria_label\":\"Display Evenemang in M\\u00e5nad View\"},\"photo\":{\"view_class\":\"Tribe\\\\Events\\\\Pro\\\\Views\\\\V2\\\\Views\\\\Photo_View\",\"view_url\":\"https:\\\/\\\/www.heptown.com\\\/sv\\\/calendar\\\/foto\\\/\",\"view_label\":\"Foto\",\"aria_label\":\"Display Evenemang in Foto View\"}},\"show_latest_past\":false,\"past\":false,\"compatibility_classes\":[\"tribe-compatibility-container\"],\"view_more_text\":\"Visa kalender\",\"view_more_title\":\"Visa fler evenemang.\",\"view_more_link\":\"https:\\\/\\\/www.heptown.com\\\/sv\\\/calendar\\\/\",\"widget_title\":\"\",\"hide_if_no_upcoming_events\":false,\"display\":{\"cost\":false,\"venue\":false,\"street\":false,\"city\":false,\"region\":false,\"zip\":false,\"country\":false,\"phone\":false,\"organizer\":false,\"website\":false},\"subscribe_links\":{\"gcal\":{\"label\":\"Google Kalender\",\"single_label\":\"L\\u00e4gg till i Google Kalender\",\"visible\":true,\"block_slug\":\"hasGoogleCalendar\"},\"ical\":{\"label\":\"iCalendar\",\"single_label\":\"L\\u00e4gg till i iCalendar\",\"visible\":true,\"block_slug\":\"hasiCal\"},\"outlook-365\":{\"label\":\"Outlook 365\",\"single_label\":\"Outlook 365\",\"visible\":true,\"block_slug\":\"hasOutlook365\"},\"outlook-live\":{\"label\":\"Outlook Live\",\"single_label\":\"Outlook Live\",\"visible\":true,\"block_slug\":\"hasOutlookLive\"},\"ics\":{\"label\":\"Exportera .ics-fil\",\"single_label\":\"Exportera .ics-fil\",\"visible\":true,\"block_slug\":null},\"outlook-ics\":{\"label\":\"Exportera ics-fil f\\u00f6r Outlook\",\"single_label\":\"Exportera ics-fil f\\u00f6r Outlook\",\"visible\":true,\"block_slug\":null}},\"display_recurring_toggle\":true,\"_context\":{\"slug\":\"widget-events-list\"}}<\/script>\n\n\t\t\t\n\t\t\t\n\t\t\t\t<div  class=\"tribe-events-header__messages tribe-events-c-messages tribe-common-b2\"  >\n\t\t\t<div class=\"tribe-events-c-messages__message tribe-events-c-messages__message--notice\" tabindex=\"0\" role=\"alert\" aria-live=\"assertive\">\n\t\t\t<svg\n\t class=\"tribe-common-c-svgicon tribe-common-c-svgicon--messages-not-found tribe-events-c-messages__message-icon-svg\" \taria-hidden=\"true\"\n\tviewBox=\"0 0 21 23\"\n\txmlns=\"http:\/\/www.w3.org\/2000\/svg\"\n>\n\t<g fill-rule=\"evenodd\">\n\t\t<path d=\"M.5 2.5h20v20H.5z\"\/>\n\t\t<path stroke-linecap=\"round\" d=\"M7.583 11.583l5.834 5.834m0-5.834l-5.834 5.834\" class=\"tribe-common-c-svgicon__svg-stroke\"\/>\n\t\t<path stroke-linecap=\"round\" d=\"M4.5.5v4m12-4v4\"\/>\n\t\t<path stroke-linecap=\"square\" d=\"M.5 7.5h20\"\/>\n\t<\/g>\n<\/svg>\n<span class=\"tribe-common-a11y-visual-hide\">\n\tNotis<\/span>\n\t\t\t\t\t\t\t<div\n\t\t\t\t\t data-key=\"0\" >\n\t\t\t\t\tDet finns inga kommande evenemang.\t\t\t\t<\/div>\n\t\t\t\t\t<\/div>\n\t<\/div>\n\n\t\t\t\t\t<\/div>\n\t<\/div>\n<\/div>\n<script data-js='tribe-events-view-nonce-data' type='application\/json'>{\"tvn1\":\"4351ed96fd\",\"tvn2\":\"\"}<\/script>\n","protected":false},"excerpt":{"rendered":"<p>Together with TLTHs-danskurser we bring all students a really good deal on an exclusive beginners Lindy Hop weekend at K\u00e5rhuset in Lund. Note! This weekend is only open to students &hellip; <a href=\"https:\/\/www.heptown.com\/sv\/lth\/\" class=\"more-link\">Forts\u00e4tt l\u00e4sa<span class=\"screen-reader-text\"> \u201dHepTown Swing \u2764 TLTHs-danskurser\u201d<\/span><\/a><\/p>\n","protected":false},"author":5,"featured_media":0,"parent":0,"menu_order":0,"comment_status":"closed","ping_status":"closed","template":"","meta":{"footnotes":""},"class_list":["post-8137","page","type-page","status-publish","hentry"],"yoast_head":"<!-- This site is optimized with the Yoast SEO plugin v27.4 - https:\/\/yoast.com\/product\/yoast-seo-wordpress\/ -->\n<title>HepTown Swing \u2764 TLTHs-danskurser - HepTown<\/title>\n<meta name=\"robots\" content=\"index, follow, max-snippet:-1, max-image-preview:large, max-video-preview:-1\" \/>\n<link rel=\"canonical\" href=\"https:\/\/www.heptown.com\/sv\/lth\/\" \/>\n<meta property=\"og:locale\" content=\"sv_SE\" \/>\n<meta property=\"og:type\" content=\"article\" \/>\n<meta property=\"og:title\" content=\"HepTown Swing \u2764 TLTHs-danskurser - HepTown\" \/>\n<meta property=\"og:description\" content=\"Together with TLTHs-danskurser we bring all students a really good deal on an exclusive beginners Lindy Hop weekend at K\u00e5rhuset in Lund. Note! This weekend is only open to students &hellip; Forts\u00e4tt l\u00e4sa \u201dHepTown Swing \u2764 TLTHs-danskurser\u201d\" \/>\n<meta property=\"og:url\" content=\"https:\/\/www.heptown.com\/sv\/lth\/\" \/>\n<meta property=\"og:site_name\" content=\"HepTown\" \/>\n<meta property=\"article:publisher\" content=\"https:\/\/www.facebook.com\/SwinginHepTown\" \/>\n<meta property=\"article:modified_time\" content=\"2019-12-18T16:06:24+00:00\" \/>\n<meta name=\"twitter:card\" content=\"summary_large_image\" \/>\n<meta name=\"twitter:site\" content=\"@heptownswing\" \/>\n<meta name=\"twitter:label1\" content=\"Ber\u00e4knad l\u00e4stid\" \/>\n\t<meta name=\"twitter:data1\" content=\"1 minut\" \/>\n<script type=\"application\/ld+json\" class=\"yoast-schema-graph\">{\"@context\":\"https:\\\/\\\/schema.org\",\"@graph\":[{\"@type\":\"WebPage\",\"@id\":\"https:\\\/\\\/www.heptown.com\\\/sv\\\/lth\\\/\",\"url\":\"https:\\\/\\\/www.heptown.com\\\/sv\\\/lth\\\/\",\"name\":\"HepTown Swing \u2764 TLTHs-danskurser - HepTown\",\"isPartOf\":{\"@id\":\"https:\\\/\\\/www.heptown.com\\\/sv\\\/#website\"},\"datePublished\":\"2018-06-04T14:19:03+00:00\",\"dateModified\":\"2019-12-18T16:06:24+00:00\",\"breadcrumb\":{\"@id\":\"https:\\\/\\\/www.heptown.com\\\/sv\\\/lth\\\/#breadcrumb\"},\"inLanguage\":\"sv-SE\",\"potentialAction\":[{\"@type\":\"ReadAction\",\"target\":[\"https:\\\/\\\/www.heptown.com\\\/sv\\\/lth\\\/\"]}]},{\"@type\":\"BreadcrumbList\",\"@id\":\"https:\\\/\\\/www.heptown.com\\\/sv\\\/lth\\\/#breadcrumb\",\"itemListElement\":[{\"@type\":\"ListItem\",\"position\":1,\"name\":\"Hem\",\"item\":\"https:\\\/\\\/www.heptown.com\\\/sv\\\/\"},{\"@type\":\"ListItem\",\"position\":2,\"name\":\"HepTown Swing \u2764 TLTHs-danskurser\"}]},{\"@type\":\"WebSite\",\"@id\":\"https:\\\/\\\/www.heptown.com\\\/sv\\\/#website\",\"url\":\"https:\\\/\\\/www.heptown.com\\\/sv\\\/\",\"name\":\"HepTown\",\"description\":\"Swing Dance and Retro Culture\",\"potentialAction\":[{\"@type\":\"SearchAction\",\"target\":{\"@type\":\"EntryPoint\",\"urlTemplate\":\"https:\\\/\\\/www.heptown.com\\\/sv\\\/?s={search_term_string}\"},\"query-input\":{\"@type\":\"PropertyValueSpecification\",\"valueRequired\":true,\"valueName\":\"search_term_string\"}}],\"inLanguage\":\"sv-SE\"}]}<\/script>\n<!-- \/ Yoast SEO plugin. -->","yoast_head_json":{"title":"HepTown Swing \u2764 TLTHs-danskurser - HepTown","robots":{"index":"index","follow":"follow","max-snippet":"max-snippet:-1","max-image-preview":"max-image-preview:large","max-video-preview":"max-video-preview:-1"},"canonical":"https:\/\/www.heptown.com\/sv\/lth\/","og_locale":"sv_SE","og_type":"article","og_title":"HepTown Swing \u2764 TLTHs-danskurser - HepTown","og_description":"Together with TLTHs-danskurser we bring all students a really good deal on an exclusive beginners Lindy Hop weekend at K\u00e5rhuset in Lund. Note! This weekend is only open to students &hellip; Forts\u00e4tt l\u00e4sa \u201dHepTown Swing \u2764 TLTHs-danskurser\u201d","og_url":"https:\/\/www.heptown.com\/sv\/lth\/","og_site_name":"HepTown","article_publisher":"https:\/\/www.facebook.com\/SwinginHepTown","article_modified_time":"2019-12-18T16:06:24+00:00","twitter_card":"summary_large_image","twitter_site":"@heptownswing","twitter_misc":{"Ber\u00e4knad l\u00e4stid":"1 minut"},"schema":{"@context":"https:\/\/schema.org","@graph":[{"@type":"WebPage","@id":"https:\/\/www.heptown.com\/sv\/lth\/","url":"https:\/\/www.heptown.com\/sv\/lth\/","name":"HepTown Swing \u2764 TLTHs-danskurser - HepTown","isPartOf":{"@id":"https:\/\/www.heptown.com\/sv\/#website"},"datePublished":"2018-06-04T14:19:03+00:00","dateModified":"2019-12-18T16:06:24+00:00","breadcrumb":{"@id":"https:\/\/www.heptown.com\/sv\/lth\/#breadcrumb"},"inLanguage":"sv-SE","potentialAction":[{"@type":"ReadAction","target":["https:\/\/www.heptown.com\/sv\/lth\/"]}]},{"@type":"BreadcrumbList","@id":"https:\/\/www.heptown.com\/sv\/lth\/#breadcrumb","itemListElement":[{"@type":"ListItem","position":1,"name":"Hem","item":"https:\/\/www.heptown.com\/sv\/"},{"@type":"ListItem","position":2,"name":"HepTown Swing \u2764 TLTHs-danskurser"}]},{"@type":"WebSite","@id":"https:\/\/www.heptown.com\/sv\/#website","url":"https:\/\/www.heptown.com\/sv\/","name":"HepTown","description":"Swing Dance and Retro Culture","potentialAction":[{"@type":"SearchAction","target":{"@type":"EntryPoint","urlTemplate":"https:\/\/www.heptown.com\/sv\/?s={search_term_string}"},"query-input":{"@type":"PropertyValueSpecification","valueRequired":true,"valueName":"search_term_string"}}],"inLanguage":"sv-SE"}]}},"jetpack_sharing_enabled":true,"jetpack_shortlink":"https:\/\/wp.me\/P9tmbP-27f","_links":{"self":[{"href":"https:\/\/www.heptown.com\/sv\/wp-json\/wp\/v2\/pages\/8137","targetHints":{"allow":["GET"]}}],"collection":[{"href":"https:\/\/www.heptown.com\/sv\/wp-json\/wp\/v2\/pages"}],"about":[{"href":"https:\/\/www.heptown.com\/sv\/wp-json\/wp\/v2\/types\/page"}],"author":[{"embeddable":true,"href":"https:\/\/www.heptown.com\/sv\/wp-json\/wp\/v2\/users\/5"}],"replies":[{"embeddable":true,"href":"https:\/\/www.heptown.com\/sv\/wp-json\/wp\/v2\/comments?post=8137"}],"version-history":[{"count":8,"href":"https:\/\/www.heptown.com\/sv\/wp-json\/wp\/v2\/pages\/8137\/revisions"}],"predecessor-version":[{"id":13885,"href":"https:\/\/www.heptown.com\/sv\/wp-json\/wp\/v2\/pages\/8137\/revisions\/13885"}],"wp:attachment":[{"href":"https:\/\/www.heptown.com\/sv\/wp-json\/wp\/v2\/media?parent=8137"}],"curies":[{"name":"wp","href":"https:\/\/api.w.org\/{rel}","templated":true}]}}