{"id":620,"date":"2016-12-07T00:18:04","date_gmt":"2016-12-06T23:18:04","guid":{"rendered":"http:\/\/www.heptown.com\/?page_id=620"},"modified":"2016-12-14T18:17:58","modified_gmt":"2016-12-14T17:17:58","slug":"community","status":"publish","type":"page","link":"https:\/\/www.heptown.com\/sv\/community\/","title":{"rendered":"community"},"content":{"rendered":"<p>Vi \u00e4r ett stort community men har valt att inte l\u00e4ngre driva n\u00e5gra diskussionsforum p\u00e5 v\u00e5r hemmsida d\u00e5 det mesta numera sker p\u00e5 Facebook<\/p>\n<h2>Facebook sidor och grupper<\/h2>\n<p><a href=\"https:\/\/www.facebook.com\/SwinginHepTown\" target=\"_blank\">HepTown<\/a> Page.<br \/>\n<a href=\"https:\/\/www.facebook.com\/groups\/swingml\/\" target=\"_blank\">Swing Dance in Malm\u00f6 &amp; Lund<\/a> Group.<\/p>\n","protected":false},"excerpt":{"rendered":"<p>Vi \u00e4r ett stort community men har valt att inte l\u00e4ngre driva n\u00e5gra diskussionsforum p\u00e5 v\u00e5r hemmsida d\u00e5 det mesta numera sker p\u00e5 Facebook Facebook sidor och grupper HepTown Page. &hellip; <a href=\"https:\/\/www.heptown.com\/sv\/community\/\" class=\"more-link\">Forts\u00e4tt l\u00e4sa<span class=\"screen-reader-text\"> \u201dcommunity\u201d<\/span><\/a><\/p>\n","protected":false},"author":4,"featured_media":0,"parent":0,"menu_order":0,"comment_status":"closed","ping_status":"closed","template":"","meta":{"footnotes":""},"class_list":["post-620","page","type-page","status-publish","hentry"],"yoast_head":"<!-- This site is optimized with the Yoast SEO plugin v27.4 - https:\/\/yoast.com\/product\/yoast-seo-wordpress\/ -->\n<title>community - HepTown<\/title>\n<meta name=\"robots\" content=\"index, follow, max-snippet:-1, max-image-preview:large, max-video-preview:-1\" \/>\n<link rel=\"canonical\" href=\"https:\/\/www.heptown.com\/sv\/community\/\" \/>\n<meta property=\"og:locale\" content=\"sv_SE\" \/>\n<meta property=\"og:type\" content=\"article\" \/>\n<meta property=\"og:title\" content=\"community - HepTown\" \/>\n<meta property=\"og:description\" content=\"Vi \u00e4r ett stort community men har valt att inte l\u00e4ngre driva n\u00e5gra diskussionsforum p\u00e5 v\u00e5r hemmsida d\u00e5 det mesta numera sker p\u00e5 Facebook Facebook sidor och grupper HepTown Page. &hellip; Forts\u00e4tt l\u00e4sa \u201dcommunity\u201d\" \/>\n<meta property=\"og:url\" content=\"https:\/\/www.heptown.com\/sv\/community\/\" \/>\n<meta property=\"og:site_name\" content=\"HepTown\" \/>\n<meta property=\"article:publisher\" content=\"https:\/\/www.facebook.com\/SwinginHepTown\" \/>\n<meta property=\"article:modified_time\" content=\"2016-12-14T17:17:58+00:00\" \/>\n<meta name=\"twitter:card\" content=\"summary_large_image\" \/>\n<meta name=\"twitter:site\" content=\"@heptownswing\" \/>\n<script type=\"application\/ld+json\" class=\"yoast-schema-graph\">{\"@context\":\"https:\\\/\\\/schema.org\",\"@graph\":[{\"@type\":\"WebPage\",\"@id\":\"https:\\\/\\\/www.heptown.com\\\/sv\\\/community\\\/\",\"url\":\"https:\\\/\\\/www.heptown.com\\\/sv\\\/community\\\/\",\"name\":\"community - HepTown\",\"isPartOf\":{\"@id\":\"https:\\\/\\\/www.heptown.com\\\/sv\\\/#website\"},\"datePublished\":\"2016-12-06T23:18:04+00:00\",\"dateModified\":\"2016-12-14T17:17:58+00:00\",\"breadcrumb\":{\"@id\":\"https:\\\/\\\/www.heptown.com\\\/sv\\\/community\\\/#breadcrumb\"},\"inLanguage\":\"sv-SE\",\"potentialAction\":[{\"@type\":\"ReadAction\",\"target\":[\"https:\\\/\\\/www.heptown.com\\\/sv\\\/community\\\/\"]}]},{\"@type\":\"BreadcrumbList\",\"@id\":\"https:\\\/\\\/www.heptown.com\\\/sv\\\/community\\\/#breadcrumb\",\"itemListElement\":[{\"@type\":\"ListItem\",\"position\":1,\"name\":\"Hem\",\"item\":\"https:\\\/\\\/www.heptown.com\\\/sv\\\/\"},{\"@type\":\"ListItem\",\"position\":2,\"name\":\"community\"}]},{\"@type\":\"WebSite\",\"@id\":\"https:\\\/\\\/www.heptown.com\\\/sv\\\/#website\",\"url\":\"https:\\\/\\\/www.heptown.com\\\/sv\\\/\",\"name\":\"HepTown\",\"description\":\"Swing Dance and Retro Culture\",\"potentialAction\":[{\"@type\":\"SearchAction\",\"target\":{\"@type\":\"EntryPoint\",\"urlTemplate\":\"https:\\\/\\\/www.heptown.com\\\/sv\\\/?s={search_term_string}\"},\"query-input\":{\"@type\":\"PropertyValueSpecification\",\"valueRequired\":true,\"valueName\":\"search_term_string\"}}],\"inLanguage\":\"sv-SE\"}]}<\/script>\n<!-- \/ Yoast SEO plugin. -->","yoast_head_json":{"title":"community - HepTown","robots":{"index":"index","follow":"follow","max-snippet":"max-snippet:-1","max-image-preview":"max-image-preview:large","max-video-preview":"max-video-preview:-1"},"canonical":"https:\/\/www.heptown.com\/sv\/community\/","og_locale":"sv_SE","og_type":"article","og_title":"community - HepTown","og_description":"Vi \u00e4r ett stort community men har valt att inte l\u00e4ngre driva n\u00e5gra diskussionsforum p\u00e5 v\u00e5r hemmsida d\u00e5 det mesta numera sker p\u00e5 Facebook Facebook sidor och grupper HepTown Page. &hellip; Forts\u00e4tt l\u00e4sa \u201dcommunity\u201d","og_url":"https:\/\/www.heptown.com\/sv\/community\/","og_site_name":"HepTown","article_publisher":"https:\/\/www.facebook.com\/SwinginHepTown","article_modified_time":"2016-12-14T17:17:58+00:00","twitter_card":"summary_large_image","twitter_site":"@heptownswing","schema":{"@context":"https:\/\/schema.org","@graph":[{"@type":"WebPage","@id":"https:\/\/www.heptown.com\/sv\/community\/","url":"https:\/\/www.heptown.com\/sv\/community\/","name":"community - HepTown","isPartOf":{"@id":"https:\/\/www.heptown.com\/sv\/#website"},"datePublished":"2016-12-06T23:18:04+00:00","dateModified":"2016-12-14T17:17:58+00:00","breadcrumb":{"@id":"https:\/\/www.heptown.com\/sv\/community\/#breadcrumb"},"inLanguage":"sv-SE","potentialAction":[{"@type":"ReadAction","target":["https:\/\/www.heptown.com\/sv\/community\/"]}]},{"@type":"BreadcrumbList","@id":"https:\/\/www.heptown.com\/sv\/community\/#breadcrumb","itemListElement":[{"@type":"ListItem","position":1,"name":"Hem","item":"https:\/\/www.heptown.com\/sv\/"},{"@type":"ListItem","position":2,"name":"community"}]},{"@type":"WebSite","@id":"https:\/\/www.heptown.com\/sv\/#website","url":"https:\/\/www.heptown.com\/sv\/","name":"HepTown","description":"Swing Dance and Retro Culture","potentialAction":[{"@type":"SearchAction","target":{"@type":"EntryPoint","urlTemplate":"https:\/\/www.heptown.com\/sv\/?s={search_term_string}"},"query-input":{"@type":"PropertyValueSpecification","valueRequired":true,"valueName":"search_term_string"}}],"inLanguage":"sv-SE"}]}},"jetpack_sharing_enabled":true,"jetpack_shortlink":"https:\/\/wp.me\/P9tmbP-a0","_links":{"self":[{"href":"https:\/\/www.heptown.com\/sv\/wp-json\/wp\/v2\/pages\/620","targetHints":{"allow":["GET"]}}],"collection":[{"href":"https:\/\/www.heptown.com\/sv\/wp-json\/wp\/v2\/pages"}],"about":[{"href":"https:\/\/www.heptown.com\/sv\/wp-json\/wp\/v2\/types\/page"}],"author":[{"embeddable":true,"href":"https:\/\/www.heptown.com\/sv\/wp-json\/wp\/v2\/users\/4"}],"replies":[{"embeddable":true,"href":"https:\/\/www.heptown.com\/sv\/wp-json\/wp\/v2\/comments?post=620"}],"version-history":[{"count":1,"href":"https:\/\/www.heptown.com\/sv\/wp-json\/wp\/v2\/pages\/620\/revisions"}],"predecessor-version":[{"id":622,"href":"https:\/\/www.heptown.com\/sv\/wp-json\/wp\/v2\/pages\/620\/revisions\/622"}],"wp:attachment":[{"href":"https:\/\/www.heptown.com\/sv\/wp-json\/wp\/v2\/media?parent=620"}],"curies":[{"name":"wp","href":"https:\/\/api.w.org\/{rel}","templated":true}]}}