{"id":33696,"date":"2024-06-17T16:03:12","date_gmt":"2024-06-17T14:03:12","guid":{"rendered":"https:\/\/www.heptown.com\/linamaria-mattias\/"},"modified":"2025-02-10T12:35:21","modified_gmt":"2025-02-10T11:35:21","slug":"linamaria-mattias","status":"publish","type":"page","link":"https:\/\/www.heptown.com\/sv\/linamaria-mattias\/","title":{"rendered":"LinaMaria &amp; Mattias"},"content":{"rendered":"\n<p>LinaMaria och Mattias fokuserar i sin undervisning fr\u00e4mst p\u00e5 att ha roligt, det prestigel\u00f6sa och p\u00e5 f\u00f6ra\/f\u00f6lja-tekniker. De prioriterar det dynamiska i Lindy Hop:en (mjukhet, r\u00f6relse, energi) framf\u00f6r det statiska (rutiner, regler, sp\u00e5r) och att f\u00f6raren och f\u00f6ljaren har ett lika stort ansvar f\u00f6r dansen.<\/p>\n\n\n\n<h2 class=\"wp-block-heading\">Alla LinaMaria &amp; Mattias kurser<\/h2>\n\n\n\n\n\n<!-- \n    Content retrieved by CogWork API\n    Host = dans\n    Content type = shop\n    JSON Data URL = https:\/\/dans.se\/api\/json\/?org=heptown&contentType=shop&new&instructor=404234&dateinterval=future&searchform=0&orderby=cwt_event_Events.startDate+ASC&lang=sv&localUrl=https%3A%2F%2Fheptown.se%2Fsv%2Fwp-json%2Fwp%2Fv2%2Fpages%2F33696&localJsonEncodedRequest=%5B%5D\n-->\n<link rel=\"stylesheet\" href=\"https:\/\/dans.se\/files\/1366\/css\/theme.light.css\" type=\"text\/css\" media=\"all\" \/>\n<link rel=\"stylesheet\" href=\"https:\/\/dans.se\/files\/1366\/css\/lib.css\" type=\"text\/css\" media=\"all\" \/>\n<link rel=\"stylesheet\" href=\"https:\/\/static.cogwork.net\/stylesheets\/44o3VnIvDV7OG0kaWaHVE09n.css\" type=\"text\/css\" media=\"all\" \/>\n\n                    <table class=\"cwEvents\">\n                        <tr class=\"headerRow cwDisplayDependencyOnChangeFollow_eventBlock_5359804\">\n                            <th class=\"title\" colspan=\"1\"><\/th>\n                            <th class=\"onMediumScreenPlus cwDisplayDependencyOnChangeFollow_eventBlock_5359804 levels\">Niv\u00e5<\/th>\n                            <th class=\"onMediumScreenPlus cwDisplayDependencyOnChangeFollow_eventBlock_5359804 start\">Start<\/th>\n                            <th class=\"onMediumScreenPlus cwDisplayDependencyOnChangeFollow_eventBlock_5359804 time\">Dag &amp; tid<\/th>\n                            <th class=\"onMediumScreenPlus cwDisplayDependencyOnChangeFollow_eventBlock_5359804 numberOfOccasions\" title=\"Antal tillf\u00e4llen\"><\/th>\n                            <th class=\"onMediumScreenPlus cwDisplayDependencyOnChangeFollow_eventBlock_5359804 price\">Pris<\/th>\n                            <th class=\"onMediumScreenPlus cwDisplayDependencyOnChangeFollow_eventBlock_5359804 place\">Plats<\/th>\n                            <th class=\"onMediumScreenPlus cwDisplayDependencyOnChangeFollow_eventBlock_5359804 instructors\">Ledare<\/th>\n                            <th class=\"onMediumScreenPlus cwDisplayDependencyOnChangeFollow_eventBlock_5359804 status cwNoPrint\">&nbsp;<\/th>\n                            <th class=\"statusIcon icon onSmallScreenOnly cwNoPrint cwDisplayDependencyOnChangeFollow_eventBlock_5359804\">&nbsp;<\/th>\n                        <\/tr>\n                        <tr class=\"dataRow blockData_5359804 row_1 cwDisplayDependencyOnChangeFollow_eventBlock_5359804\" title=\"Bokningen har st\u00e4ngt\" onclick=\"cwOpenNewShopWin('https:\/\/dans.se\/heptown\/shop\/?event=265598&info=1'); gtag('event', 'click', {'event_category': 'Outbound Link', 'event_label': 'Destination Domain'}); return false;\">\n                            <td class=\"title\">\n                                <a href=\"https:\/\/dans.se\/heptown\/shop\/?event=265598&amp;info=1\" title=\"Bokningen har st\u00e4ngt\" onclick=\"cwOpenNewShopWin('https:\/\/dans.se\/heptown\/shop\/?event=265598&info=1'); gtag('event', 'click', {'event_category': 'Outbound Link', 'event_label': 'Destination Domain'}); return false;\" class=\"regLink\">E+. Lindy Hop advanced MALM\u00d6 *<\/a><span class=\"onSmallScreenOnly\">,<\/span> <span class=\"onSmallScreenOnly\" title=\"Fr\u00e5n Intermediate-advanced\">E<\/span>\n                                <div class=\"onSmallScreenOnly smallScreenEventSubTitle\">\n                                    <span style=\"white-space: nowrap;\">Ons 18.30-20.00<\/span>\n                                    <span title=\"Antal tillf\u00e4llen\">7&nbsp;ggr<\/span>.\n                                    <span title=\"Ons 1\/4 ( 18 dagar sedan)\">Start 1\/4<\/span>.\n                                    Festsalen, Ungdomens hus, Malm\u00f6.\n                                    <span title=\"\">Avgift 1250:-<\/span>.<br>\n                                    <span title=\"Instrukt\u00f6rer, ledare och tr\u00e4nare\">Ledare LinaMaria, Mattias B<\/span>.\n                                <\/div>\n                            <\/td>\n                            <td class=\"onMediumScreenPlus levels\"><span title=\"Fr\u00e5n Intermediate-advanced\">E<\/span><\/td>\n                            <td class=\"onMediumScreenPlus start\" title=\"Ons 1\/4 ( 18 dagar sedan)\">1\/4<\/td>\n                            <td class=\"onMediumScreenPlus time\"><span style=\"white-space: nowrap;\">Ons 18.30-20.00<\/span><\/td>\n                            <td class=\"onMediumScreenPlus numberOfOccasions\" title=\"Antal tillf\u00e4llen\">7&nbsp;ggr<\/td>\n                            <td class=\"onMediumScreenPlus price\">1250:-<\/td>\n                            <td class=\"onMediumScreenPlus place\">Festsalen, Ungdomens hus, Malm\u00f6<\/td>\n                            <td class=\"onMediumScreenPlus instructors\">LinaMaria, Mattias B<\/td>\n                            <td class=\"onMediumScreenPlus status cwNoPrint\" style=\"text-align: right;\"><a href=\"https:\/\/dans.se\/heptown\/shop\/?event=265598&amp;info=1\" title=\"Plats finns. Bokningen har st\u00e4ngt\" onclick=\"cwOpenNewShopWin('https:\/\/dans.se\/heptown\/shop\/?event=265598&info=1'); gtag('event', 'click', {'event_category': 'Outbound Link', 'event_label': 'Destination Domain'}); return false;\" class=\"regLink cwLinkSmallIconRight regLink cwLinkSmallIconRight cwIconAvailabilityGood\" style=\"text-decoration:none;\">St\u00e4ngd<\/a><\/td>\n                            <td class=\"statusIcon icon onSmallScreenOnly cwNoPrint\"><a href=\"https:\/\/dans.se\/heptown\/shop\/?event=265598&amp;info=1\" title=\"Bokningen har st\u00e4ngt\" onclick=\"cwOpenNewShopWin('https:\/\/dans.se\/heptown\/shop\/?event=265598&info=1'); gtag('event', 'click', {'event_category': 'Outbound Link', 'event_label': 'Destination Domain'}); return false;\" class=\"\"> <img loading=\"lazy\" decoding=\"async\" style=\"vertical-align: middle; margin-left: 0.50em;\" src=\"https:\/\/dans.se\/images\/icons\/availabilityGood.png\" width=\"16\" height=\"16\" alt=\"Plats finns\" title=\"Plats finns\"><\/a><\/td>\n                        <\/tr>\n                        <tr class=\"dataRow blockData_5359804 row_2 cwDisplayDependencyOnChangeFollow_eventBlock_5359804\" title=\"Direktanm\u00e4lan t.o.m. \" onclick=\"cwOpenNewShopWin('https:\/\/dans.se\/heptown\/shop\/?event=260612&info=1'); gtag('event', 'click', {'event_category': 'Outbound Link', 'event_label': 'Destination Domain'}); return false;\">\n                            <td class=\"title\">\n                                <a href=\"https:\/\/dans.se\/heptown\/shop\/?event=260612&amp;info=1\" title=\"Direktanm\u00e4lan t.o.m. \" onclick=\"cwOpenNewShopWin('https:\/\/dans.se\/heptown\/shop\/?event=260612&info=1'); gtag('event', 'click', {'event_category': 'Outbound Link', 'event_label': 'Destination Domain'}); return false;\" class=\"regLink\">E. Lindy Hop: intermediate-advaced LUND *<\/a><span class=\"onSmallScreenOnly\">,<\/span> <span class=\"onSmallScreenOnly\" title=\"Fr\u00e5n Intermediate-advanced\">E<\/span>\n                                <div class=\"onSmallScreenOnly smallScreenEventSubTitle\">\n                                    <span style=\"white-space: nowrap;\">M\u00e5n 18.15-19.45<\/span>\n                                    <span title=\"Antal tillf\u00e4llen\">5&nbsp;ggr<\/span>.\n                                    <span title=\"M\u00e5n 20\/4 ( i morgon)\">Start 20\/4<\/span>.\n                                    Lund.\n                                    <span title=\"\">Avgift 750:-<\/span>.<br>\n                                    <span title=\"Instrukt\u00f6rer, ledare och tr\u00e4nare\">Ledare LinaMaria, Mattias B<\/span>.\n                                <\/div>\n                            <\/td>\n                            <td class=\"onMediumScreenPlus levels\"><span title=\"Fr\u00e5n Intermediate-advanced\">E<\/span><\/td>\n                            <td class=\"onMediumScreenPlus start\" title=\"M\u00e5n 20\/4 ( i morgon)\">20\/4<\/td>\n                            <td class=\"onMediumScreenPlus time\"><span style=\"white-space: nowrap;\">M\u00e5n 18.15-19.45<\/span><\/td>\n                            <td class=\"onMediumScreenPlus numberOfOccasions\" title=\"Antal tillf\u00e4llen\">5&nbsp;ggr<\/td>\n                            <td class=\"onMediumScreenPlus price\">750:-<\/td>\n                            <td class=\"onMediumScreenPlus place\">Lund<\/td>\n                            <td class=\"onMediumScreenPlus instructors\">LinaMaria, Mattias B<\/td>\n                            <td class=\"onMediumScreenPlus status cwNoPrint\" style=\"text-align: right;\"><a href=\"https:\/\/dans.se\/heptown\/shop\/?event=260612&amp;info=1\" title=\"Plats finns. Direktanm\u00e4lan t.o.m.\" onclick=\"cwOpenNewShopWin('https:\/\/dans.se\/heptown\/shop\/?event=260612&info=1'); gtag('event', 'click', {'event_category': 'Outbound Link', 'event_label': 'Destination Domain'}); return false;\" class=\"regLink cwLinkSmallIconRight regLink cwLinkSmallIconRight cwIconAvailabilityGood\" style=\"text-decoration:none;\">Direkt<\/a><\/td>\n                            <td class=\"statusIcon icon onSmallScreenOnly cwNoPrint\"><a href=\"https:\/\/dans.se\/heptown\/shop\/?event=260612&amp;info=1\" title=\"Direktanm\u00e4lan t.o.m. \" onclick=\"cwOpenNewShopWin('https:\/\/dans.se\/heptown\/shop\/?event=260612&info=1'); gtag('event', 'click', {'event_category': 'Outbound Link', 'event_label': 'Destination Domain'}); return false;\" class=\"\"> <img loading=\"lazy\" decoding=\"async\" style=\"vertical-align: middle; margin-left: 0.50em;\" src=\"https:\/\/dans.se\/images\/icons\/availabilityGood.png\" width=\"16\" height=\"16\" alt=\"Plats finns\" title=\"Plats finns\"><\/a><\/td>\n                        <\/tr>\n                        <tr class=\"spacingRow cwDisplayDependencyOnChangeFollow_eventBlock_5359804\">            <td class=\"title\"><\/td>\n                            <td class=\"onMediumScreenPlus levels\"><\/td>\n                            <td class=\"onMediumScreenPlus start\"><\/td>\n                            <td class=\"onMediumScreenPlus time\"><\/td>\n                            <td class=\"onMediumScreenPlus numberOfOccasions\"><\/td>\n                            <td class=\"onMediumScreenPlus price\"><\/td>\n                            <td class=\"onMediumScreenPlus place\"><\/td>\n                            <td class=\"onMediumScreenPlus instructors\"><\/td>\n                            <td class=\"onMediumScreenPlus status cwNoPrint\"><\/td>\n                            <td class=\"statusIcon icon onSmallScreenOnly cwNoPrint\"><\/td>\n                        <\/tr>\n                    <\/table>\n<script type=\"text\/javascript\" src=\"https:\/\/dans.se\/files\/1366\/js\/lib.js\"><\/script>\n\n\n\n<p><a href=\"https:\/\/www.heptown.com\/sv\/kurser\/\">M\u00e5nga fler kurser i Lindy Hop <\/a><\/p>\n\n\n\n<figure class=\"wp-block-image size-large\"><img loading=\"lazy\" decoding=\"async\" width=\"1024\" height=\"1021\" src=\"https:\/\/www.heptown.com\/wp-content\/uploads\/2024\/06\/LinaMaria-and-Mattiaa-1024x1021.jpeg\" alt=\"\" class=\"wp-image-33545\" srcset=\"https:\/\/www.heptown.com\/wp-content\/uploads\/2024\/06\/LinaMaria-and-Mattiaa-1024x1021.jpeg 1024w, https:\/\/www.heptown.com\/wp-content\/uploads\/2024\/06\/LinaMaria-and-Mattiaa-300x300.jpeg 300w, https:\/\/www.heptown.com\/wp-content\/uploads\/2024\/06\/LinaMaria-and-Mattiaa-150x150.jpeg 150w, https:\/\/www.heptown.com\/wp-content\/uploads\/2024\/06\/LinaMaria-and-Mattiaa-768x765.jpeg 768w, https:\/\/www.heptown.com\/wp-content\/uploads\/2024\/06\/LinaMaria-and-Mattiaa-1536x1531.jpeg 1536w, https:\/\/www.heptown.com\/wp-content\/uploads\/2024\/06\/LinaMaria-and-Mattiaa-1200x1196.jpeg 1200w, https:\/\/www.heptown.com\/wp-content\/uploads\/2024\/06\/LinaMaria-and-Mattiaa.jpeg 2048w\" sizes=\"auto, (max-width: 709px) 85vw, (max-width: 909px) 67vw, (max-width: 1362px) 62vw, 840px\" \/><\/figure>\n","protected":false},"excerpt":{"rendered":"<p>LinaMaria och Mattias fokuserar i sin undervisning fr\u00e4mst p\u00e5 att ha roligt, det prestigel\u00f6sa och p\u00e5 f\u00f6ra\/f\u00f6lja-tekniker. De prioriterar det dynamiska i Lindy Hop:en (mjukhet, r\u00f6relse, energi) framf\u00f6r det statiska &hellip; <a href=\"https:\/\/www.heptown.com\/sv\/linamaria-mattias\/\" class=\"more-link\">Forts\u00e4tt l\u00e4sa<span class=\"screen-reader-text\"> \u201dLinaMaria &amp; Mattias\u201d<\/span><\/a><\/p>\n","protected":false},"author":5,"featured_media":0,"parent":0,"menu_order":0,"comment_status":"closed","ping_status":"closed","template":"","meta":{"footnotes":""},"class_list":["post-33696","page","type-page","status-publish","hentry"],"yoast_head":"<!-- This site is optimized with the Yoast SEO plugin v27.4 - https:\/\/yoast.com\/product\/yoast-seo-wordpress\/ -->\n<title>LinaMaria &amp; Mattias - HepTown<\/title>\n<meta name=\"robots\" content=\"index, follow, max-snippet:-1, max-image-preview:large, max-video-preview:-1\" \/>\n<link rel=\"canonical\" href=\"https:\/\/www.heptown.com\/sv\/linamaria-mattias\/\" \/>\n<meta property=\"og:locale\" content=\"sv_SE\" \/>\n<meta property=\"og:type\" content=\"article\" \/>\n<meta property=\"og:title\" content=\"LinaMaria &amp; Mattias - HepTown\" \/>\n<meta property=\"og:description\" content=\"LinaMaria och Mattias fokuserar i sin undervisning fr\u00e4mst p\u00e5 att ha roligt, det prestigel\u00f6sa och p\u00e5 f\u00f6ra\/f\u00f6lja-tekniker. De prioriterar det dynamiska i Lindy Hop:en (mjukhet, r\u00f6relse, energi) framf\u00f6r det statiska &hellip; Forts\u00e4tt l\u00e4sa \u201dLinaMaria &amp; Mattias\u201d\" \/>\n<meta property=\"og:url\" content=\"https:\/\/www.heptown.com\/sv\/linamaria-mattias\/\" \/>\n<meta property=\"og:site_name\" content=\"HepTown\" \/>\n<meta property=\"article:publisher\" content=\"https:\/\/www.facebook.com\/SwinginHepTown\" \/>\n<meta property=\"article:modified_time\" content=\"2025-02-10T11:35:21+00:00\" \/>\n<meta property=\"og:image\" content=\"https:\/\/www.heptown.com\/wp-content\/uploads\/2024\/06\/LinaMaria-and-Mattiaa-1024x1021.jpeg\" \/>\n<meta name=\"twitter:card\" content=\"summary_large_image\" \/>\n<meta name=\"twitter:site\" content=\"@heptownswing\" \/>\n<meta name=\"twitter:label1\" content=\"Ber\u00e4knad l\u00e4stid\" \/>\n\t<meta name=\"twitter:data1\" content=\"1 minut\" \/>\n<script type=\"application\/ld+json\" class=\"yoast-schema-graph\">{\"@context\":\"https:\\\/\\\/schema.org\",\"@graph\":[{\"@type\":\"WebPage\",\"@id\":\"https:\\\/\\\/www.heptown.com\\\/sv\\\/linamaria-mattias\\\/\",\"url\":\"https:\\\/\\\/www.heptown.com\\\/sv\\\/linamaria-mattias\\\/\",\"name\":\"LinaMaria &amp; Mattias - HepTown\",\"isPartOf\":{\"@id\":\"https:\\\/\\\/www.heptown.com\\\/sv\\\/#website\"},\"primaryImageOfPage\":{\"@id\":\"https:\\\/\\\/www.heptown.com\\\/sv\\\/linamaria-mattias\\\/#primaryimage\"},\"image\":{\"@id\":\"https:\\\/\\\/www.heptown.com\\\/sv\\\/linamaria-mattias\\\/#primaryimage\"},\"thumbnailUrl\":\"https:\\\/\\\/www.heptown.com\\\/wp-content\\\/uploads\\\/2024\\\/06\\\/LinaMaria-and-Mattiaa-1024x1021.jpeg\",\"datePublished\":\"2024-06-17T14:03:12+00:00\",\"dateModified\":\"2025-02-10T11:35:21+00:00\",\"breadcrumb\":{\"@id\":\"https:\\\/\\\/www.heptown.com\\\/sv\\\/linamaria-mattias\\\/#breadcrumb\"},\"inLanguage\":\"sv-SE\",\"potentialAction\":[{\"@type\":\"ReadAction\",\"target\":[\"https:\\\/\\\/www.heptown.com\\\/sv\\\/linamaria-mattias\\\/\"]}]},{\"@type\":\"ImageObject\",\"inLanguage\":\"sv-SE\",\"@id\":\"https:\\\/\\\/www.heptown.com\\\/sv\\\/linamaria-mattias\\\/#primaryimage\",\"url\":\"https:\\\/\\\/www.heptown.com\\\/wp-content\\\/uploads\\\/2024\\\/06\\\/LinaMaria-and-Mattiaa-1024x1021.jpeg\",\"contentUrl\":\"https:\\\/\\\/www.heptown.com\\\/wp-content\\\/uploads\\\/2024\\\/06\\\/LinaMaria-and-Mattiaa-1024x1021.jpeg\"},{\"@type\":\"BreadcrumbList\",\"@id\":\"https:\\\/\\\/www.heptown.com\\\/sv\\\/linamaria-mattias\\\/#breadcrumb\",\"itemListElement\":[{\"@type\":\"ListItem\",\"position\":1,\"name\":\"Hem\",\"item\":\"https:\\\/\\\/www.heptown.com\\\/sv\\\/\"},{\"@type\":\"ListItem\",\"position\":2,\"name\":\"LinaMaria &amp; Mattias\"}]},{\"@type\":\"WebSite\",\"@id\":\"https:\\\/\\\/www.heptown.com\\\/sv\\\/#website\",\"url\":\"https:\\\/\\\/www.heptown.com\\\/sv\\\/\",\"name\":\"HepTown\",\"description\":\"Swing Dance and Retro Culture\",\"potentialAction\":[{\"@type\":\"SearchAction\",\"target\":{\"@type\":\"EntryPoint\",\"urlTemplate\":\"https:\\\/\\\/www.heptown.com\\\/sv\\\/?s={search_term_string}\"},\"query-input\":{\"@type\":\"PropertyValueSpecification\",\"valueRequired\":true,\"valueName\":\"search_term_string\"}}],\"inLanguage\":\"sv-SE\"}]}<\/script>\n<!-- \/ Yoast SEO plugin. -->","yoast_head_json":{"title":"LinaMaria &amp; Mattias - HepTown","robots":{"index":"index","follow":"follow","max-snippet":"max-snippet:-1","max-image-preview":"max-image-preview:large","max-video-preview":"max-video-preview:-1"},"canonical":"https:\/\/www.heptown.com\/sv\/linamaria-mattias\/","og_locale":"sv_SE","og_type":"article","og_title":"LinaMaria &amp; Mattias - HepTown","og_description":"LinaMaria och Mattias fokuserar i sin undervisning fr\u00e4mst p\u00e5 att ha roligt, det prestigel\u00f6sa och p\u00e5 f\u00f6ra\/f\u00f6lja-tekniker. De prioriterar det dynamiska i Lindy Hop:en (mjukhet, r\u00f6relse, energi) framf\u00f6r det statiska &hellip; Forts\u00e4tt l\u00e4sa \u201dLinaMaria &amp; Mattias\u201d","og_url":"https:\/\/www.heptown.com\/sv\/linamaria-mattias\/","og_site_name":"HepTown","article_publisher":"https:\/\/www.facebook.com\/SwinginHepTown","article_modified_time":"2025-02-10T11:35:21+00:00","og_image":[{"url":"https:\/\/www.heptown.com\/wp-content\/uploads\/2024\/06\/LinaMaria-and-Mattiaa-1024x1021.jpeg","type":"","width":"","height":""}],"twitter_card":"summary_large_image","twitter_site":"@heptownswing","twitter_misc":{"Ber\u00e4knad l\u00e4stid":"1 minut"},"schema":{"@context":"https:\/\/schema.org","@graph":[{"@type":"WebPage","@id":"https:\/\/www.heptown.com\/sv\/linamaria-mattias\/","url":"https:\/\/www.heptown.com\/sv\/linamaria-mattias\/","name":"LinaMaria &amp; Mattias - HepTown","isPartOf":{"@id":"https:\/\/www.heptown.com\/sv\/#website"},"primaryImageOfPage":{"@id":"https:\/\/www.heptown.com\/sv\/linamaria-mattias\/#primaryimage"},"image":{"@id":"https:\/\/www.heptown.com\/sv\/linamaria-mattias\/#primaryimage"},"thumbnailUrl":"https:\/\/www.heptown.com\/wp-content\/uploads\/2024\/06\/LinaMaria-and-Mattiaa-1024x1021.jpeg","datePublished":"2024-06-17T14:03:12+00:00","dateModified":"2025-02-10T11:35:21+00:00","breadcrumb":{"@id":"https:\/\/www.heptown.com\/sv\/linamaria-mattias\/#breadcrumb"},"inLanguage":"sv-SE","potentialAction":[{"@type":"ReadAction","target":["https:\/\/www.heptown.com\/sv\/linamaria-mattias\/"]}]},{"@type":"ImageObject","inLanguage":"sv-SE","@id":"https:\/\/www.heptown.com\/sv\/linamaria-mattias\/#primaryimage","url":"https:\/\/www.heptown.com\/wp-content\/uploads\/2024\/06\/LinaMaria-and-Mattiaa-1024x1021.jpeg","contentUrl":"https:\/\/www.heptown.com\/wp-content\/uploads\/2024\/06\/LinaMaria-and-Mattiaa-1024x1021.jpeg"},{"@type":"BreadcrumbList","@id":"https:\/\/www.heptown.com\/sv\/linamaria-mattias\/#breadcrumb","itemListElement":[{"@type":"ListItem","position":1,"name":"Hem","item":"https:\/\/www.heptown.com\/sv\/"},{"@type":"ListItem","position":2,"name":"LinaMaria &amp; Mattias"}]},{"@type":"WebSite","@id":"https:\/\/www.heptown.com\/sv\/#website","url":"https:\/\/www.heptown.com\/sv\/","name":"HepTown","description":"Swing Dance and Retro Culture","potentialAction":[{"@type":"SearchAction","target":{"@type":"EntryPoint","urlTemplate":"https:\/\/www.heptown.com\/sv\/?s={search_term_string}"},"query-input":{"@type":"PropertyValueSpecification","valueRequired":true,"valueName":"search_term_string"}}],"inLanguage":"sv-SE"}]}},"jetpack_sharing_enabled":true,"jetpack_shortlink":"https:\/\/wp.me\/P9tmbP-8Lu","_links":{"self":[{"href":"https:\/\/www.heptown.com\/sv\/wp-json\/wp\/v2\/pages\/33696","targetHints":{"allow":["GET"]}}],"collection":[{"href":"https:\/\/www.heptown.com\/sv\/wp-json\/wp\/v2\/pages"}],"about":[{"href":"https:\/\/www.heptown.com\/sv\/wp-json\/wp\/v2\/types\/page"}],"author":[{"embeddable":true,"href":"https:\/\/www.heptown.com\/sv\/wp-json\/wp\/v2\/users\/5"}],"replies":[{"embeddable":true,"href":"https:\/\/www.heptown.com\/sv\/wp-json\/wp\/v2\/comments?post=33696"}],"version-history":[{"count":4,"href":"https:\/\/www.heptown.com\/sv\/wp-json\/wp\/v2\/pages\/33696\/revisions"}],"predecessor-version":[{"id":34709,"href":"https:\/\/www.heptown.com\/sv\/wp-json\/wp\/v2\/pages\/33696\/revisions\/34709"}],"wp:attachment":[{"href":"https:\/\/www.heptown.com\/sv\/wp-json\/wp\/v2\/media?parent=33696"}],"curies":[{"name":"wp","href":"https:\/\/api.w.org\/{rel}","templated":true}]}}