{"id":32651,"date":"2023-12-10T17:20:31","date_gmt":"2023-12-10T16:20:31","guid":{"rendered":"https:\/\/www.heptown.com\/?page_id=32651"},"modified":"2024-11-26T15:26:17","modified_gmt":"2024-11-26T14:26:17","slug":"johannesskolan","status":"publish","type":"page","link":"https:\/\/www.heptown.com\/sv\/johannesskolan\/","title":{"rendered":"Johannesskolan, viktig information"},"content":{"rendered":"\n<p><strong>M\u00e5nga som inte l\u00e4st nedan har haft problem att hitta r\u00e4tt ing\u00e5ng, komma in genom den l\u00e5sta d\u00f6rren och r\u00e5kat dra ig\u00e5ng larmet&#8230;.<\/strong><\/p>\n\n\n\n<h2 class=\"wp-block-heading\">Johannesskolan, Nikolaigatan 7, Malm\u00f6.&nbsp;<a href=\"https:\/\/goo.gl\/maps\/kk65R2s7prY1Njkf9\" target=\"_blank\" rel=\"noreferrer noopener\">Hitta r\u00e4tt ing\u00e5ng<\/a><\/h2>\n\n\n\n<ul class=\"wp-block-list\">\n<li>Johannesskolan 1 = Nedre salen, en v\u00e5ning up, <strong>GY-SAL <\/strong>1<\/li>\n\n\n\n<li>Johannesskolan 2 = \u00d6vre salen, 3:e v\u00e5ningen, sv\u00e4ng h\u00f6ger och sedan d\u00f6rren m\u00e4rkt GY-SAL 2<\/li>\n<\/ul>\n\n\n\n<h1 class=\"wp-block-heading\">Ytterd\u00f6rren \u00e4r l\u00e5st! <\/h1>\n\n\n\n<p>Just nu \u00e4r d\u00f6rren ofta ol\u00e5st fram till kl 18.00<\/p>\n\n\n\n<p>Vi ser till att n\u00e5gon \u00f6ppnar ca 10 minuter f\u00f6re start. Sen k\u00f6r vi en insl\u00e4ppskedja s\u00e5 att sist in v\u00e4ntar p\u00e5 n\u00e4sta som sen v\u00e4ntar p\u00e5 n\u00e4sta osv fram till kursens starttid. Skriv i kursens Facebook-grupp (l\u00e4nk i antagningsmail) om du blir sen och kolla g\u00e4rna d\u00e4r f\u00f6r att se om n\u00e5gra av dina kurskamrater \u00e4r sena.&nbsp;Som <strong>sista utv\u00e4g <\/strong>kan du n\u00e5 dina instrukt\u00f6rer via nummer i antagningsmail. <\/p>\n\n\n\n<p><em><br \/><\/em><\/p>\n\n\n\n<h2 class=\"wp-block-heading\">G\u00e5 inte utanf\u00f6r trapphuset d\u00e5 skolans \u00f6vriga lokaler larmas (senare)&nbsp;under kv\u00e4llen.<\/h2>\n\n\n\n<p>Vi har hittills sluppit dyra b\u00f6ter men kan bli betalningsskyldiga om larmet g\u00e5r fler g\u00e5nger.<\/p>\n\n\n\n<p><strong>St\u00e4ng g\u00e4rna d\u00f6rrarna ut till korridorerna s\u00e5 syns skyltarna d\u00e4r det st\u00e5r att dessa ytor \u00e4r larmade<\/strong><\/p>\n\n\n\n<h2 class=\"wp-block-heading\">Toaletter<\/h2>\n\n\n\n<p>Toaletter finns i omkl\u00e4dningsrummen som ligger i entr\u00e9plan till h\u00f6ger innanf\u00f6r ytterd\u00f6rren.  Dina instrukt\u00f6rer kan l\u00e5sa upp om dessa d\u00f6rrar \u00e4r l\u00e5sta. Larmet kan g\u00e5 om du f\u00f6rs\u00f6ker anv\u00e4nda toaletterna inne i korridorerna.<\/p>\n\n\n\n<h2 class=\"wp-block-heading\">Kurser p\u00e5 Johannesskolan<\/h2>\n\n\n\n\n\n<!-- \n    Content retrieved by CogWork API\n    Host = dans\n    Content type = shop\n    JSON Data URL = https:\/\/dans.se\/api\/json\/?org=heptown&contentType=shop&new&place=1428&searchform=0&lang=sv&localUrl=https%3A%2F%2Fheptown.se%2Fsv%2Fwp-json%2Fwp%2Fv2%2Fpages%2F32651&localJsonEncodedRequest=%5B%5D\n-->\n<link rel=\"stylesheet\" href=\"https:\/\/dans.se\/files\/1366\/css\/theme.light.css\" type=\"text\/css\" media=\"all\" \/>\n<link rel=\"stylesheet\" href=\"https:\/\/dans.se\/files\/1366\/css\/lib.css\" type=\"text\/css\" media=\"all\" \/>\n<link rel=\"stylesheet\" href=\"https:\/\/static.cogwork.net\/stylesheets\/44o3VnIvDV7OG0kaWaHVE09n.css\" type=\"text\/css\" media=\"all\" \/>\n\n                    <p>Inga aktiviteter eller artiklar hittade<\/p>\n<script type=\"text\/javascript\" src=\"https:\/\/dans.se\/files\/1366\/js\/lib.js\"><\/script>\n\n\n\n<p>N\u00e5gra fler kurser som normalt \u00e4r p\u00e5 Moriskan har enstaka tillf\u00e4llen flyttade hit <\/p>\n","protected":false},"excerpt":{"rendered":"<p>M\u00e5nga som inte l\u00e4st nedan har haft problem att hitta r\u00e4tt ing\u00e5ng, komma in genom den l\u00e5sta d\u00f6rren och r\u00e5kat dra ig\u00e5ng larmet&#8230;. Johannesskolan, Nikolaigatan 7, Malm\u00f6.&nbsp;Hitta r\u00e4tt ing\u00e5ng Ytterd\u00f6rren &hellip; <a href=\"https:\/\/www.heptown.com\/sv\/johannesskolan\/\" class=\"more-link\">Forts\u00e4tt l\u00e4sa<span class=\"screen-reader-text\"> \u201dJohannesskolan, viktig information\u201d<\/span><\/a><\/p>\n","protected":false},"author":5,"featured_media":0,"parent":0,"menu_order":0,"comment_status":"closed","ping_status":"closed","template":"","meta":{"footnotes":""},"class_list":["post-32651","page","type-page","status-publish","hentry"],"yoast_head":"<!-- This site is optimized with the Yoast SEO plugin v27.4 - https:\/\/yoast.com\/product\/yoast-seo-wordpress\/ -->\n<title>Johannesskolan, viktig information - HepTown<\/title>\n<meta name=\"robots\" content=\"index, follow, max-snippet:-1, max-image-preview:large, max-video-preview:-1\" \/>\n<link rel=\"canonical\" href=\"https:\/\/www.heptown.com\/sv\/johannesskolan\/\" \/>\n<meta property=\"og:locale\" content=\"sv_SE\" \/>\n<meta property=\"og:type\" content=\"article\" \/>\n<meta property=\"og:title\" content=\"Johannesskolan, viktig information - HepTown\" \/>\n<meta property=\"og:description\" content=\"M\u00e5nga som inte l\u00e4st nedan har haft problem att hitta r\u00e4tt ing\u00e5ng, komma in genom den l\u00e5sta d\u00f6rren och r\u00e5kat dra ig\u00e5ng larmet&#8230;. Johannesskolan, Nikolaigatan 7, Malm\u00f6.&nbsp;Hitta r\u00e4tt ing\u00e5ng Ytterd\u00f6rren &hellip; Forts\u00e4tt l\u00e4sa \u201dJohannesskolan, viktig information\u201d\" \/>\n<meta property=\"og:url\" content=\"https:\/\/www.heptown.com\/sv\/johannesskolan\/\" \/>\n<meta property=\"og:site_name\" content=\"HepTown\" \/>\n<meta property=\"article:publisher\" content=\"https:\/\/www.facebook.com\/SwinginHepTown\" \/>\n<meta property=\"article:modified_time\" content=\"2024-11-26T14:26:17+00:00\" \/>\n<meta name=\"twitter:card\" content=\"summary_large_image\" \/>\n<meta name=\"twitter:site\" content=\"@heptownswing\" \/>\n<meta name=\"twitter:label1\" content=\"Ber\u00e4knad l\u00e4stid\" \/>\n\t<meta name=\"twitter:data1\" content=\"2 minuter\" \/>\n<script type=\"application\/ld+json\" class=\"yoast-schema-graph\">{\"@context\":\"https:\\\/\\\/schema.org\",\"@graph\":[{\"@type\":\"WebPage\",\"@id\":\"https:\\\/\\\/www.heptown.com\\\/sv\\\/johannesskolan\\\/\",\"url\":\"https:\\\/\\\/www.heptown.com\\\/sv\\\/johannesskolan\\\/\",\"name\":\"Johannesskolan, viktig information - HepTown\",\"isPartOf\":{\"@id\":\"https:\\\/\\\/www.heptown.com\\\/sv\\\/#website\"},\"datePublished\":\"2023-12-10T16:20:31+00:00\",\"dateModified\":\"2024-11-26T14:26:17+00:00\",\"breadcrumb\":{\"@id\":\"https:\\\/\\\/www.heptown.com\\\/sv\\\/johannesskolan\\\/#breadcrumb\"},\"inLanguage\":\"sv-SE\",\"potentialAction\":[{\"@type\":\"ReadAction\",\"target\":[\"https:\\\/\\\/www.heptown.com\\\/sv\\\/johannesskolan\\\/\"]}]},{\"@type\":\"BreadcrumbList\",\"@id\":\"https:\\\/\\\/www.heptown.com\\\/sv\\\/johannesskolan\\\/#breadcrumb\",\"itemListElement\":[{\"@type\":\"ListItem\",\"position\":1,\"name\":\"Hem\",\"item\":\"https:\\\/\\\/www.heptown.com\\\/sv\\\/\"},{\"@type\":\"ListItem\",\"position\":2,\"name\":\"Johannesskolan, viktig information\"}]},{\"@type\":\"WebSite\",\"@id\":\"https:\\\/\\\/www.heptown.com\\\/sv\\\/#website\",\"url\":\"https:\\\/\\\/www.heptown.com\\\/sv\\\/\",\"name\":\"HepTown\",\"description\":\"Swing Dance and Retro Culture\",\"potentialAction\":[{\"@type\":\"SearchAction\",\"target\":{\"@type\":\"EntryPoint\",\"urlTemplate\":\"https:\\\/\\\/www.heptown.com\\\/sv\\\/?s={search_term_string}\"},\"query-input\":{\"@type\":\"PropertyValueSpecification\",\"valueRequired\":true,\"valueName\":\"search_term_string\"}}],\"inLanguage\":\"sv-SE\"}]}<\/script>\n<!-- \/ Yoast SEO plugin. -->","yoast_head_json":{"title":"Johannesskolan, viktig information - HepTown","robots":{"index":"index","follow":"follow","max-snippet":"max-snippet:-1","max-image-preview":"max-image-preview:large","max-video-preview":"max-video-preview:-1"},"canonical":"https:\/\/www.heptown.com\/sv\/johannesskolan\/","og_locale":"sv_SE","og_type":"article","og_title":"Johannesskolan, viktig information - HepTown","og_description":"M\u00e5nga som inte l\u00e4st nedan har haft problem att hitta r\u00e4tt ing\u00e5ng, komma in genom den l\u00e5sta d\u00f6rren och r\u00e5kat dra ig\u00e5ng larmet&#8230;. Johannesskolan, Nikolaigatan 7, Malm\u00f6.&nbsp;Hitta r\u00e4tt ing\u00e5ng Ytterd\u00f6rren &hellip; Forts\u00e4tt l\u00e4sa \u201dJohannesskolan, viktig information\u201d","og_url":"https:\/\/www.heptown.com\/sv\/johannesskolan\/","og_site_name":"HepTown","article_publisher":"https:\/\/www.facebook.com\/SwinginHepTown","article_modified_time":"2024-11-26T14:26:17+00:00","twitter_card":"summary_large_image","twitter_site":"@heptownswing","twitter_misc":{"Ber\u00e4knad l\u00e4stid":"2 minuter"},"schema":{"@context":"https:\/\/schema.org","@graph":[{"@type":"WebPage","@id":"https:\/\/www.heptown.com\/sv\/johannesskolan\/","url":"https:\/\/www.heptown.com\/sv\/johannesskolan\/","name":"Johannesskolan, viktig information - HepTown","isPartOf":{"@id":"https:\/\/www.heptown.com\/sv\/#website"},"datePublished":"2023-12-10T16:20:31+00:00","dateModified":"2024-11-26T14:26:17+00:00","breadcrumb":{"@id":"https:\/\/www.heptown.com\/sv\/johannesskolan\/#breadcrumb"},"inLanguage":"sv-SE","potentialAction":[{"@type":"ReadAction","target":["https:\/\/www.heptown.com\/sv\/johannesskolan\/"]}]},{"@type":"BreadcrumbList","@id":"https:\/\/www.heptown.com\/sv\/johannesskolan\/#breadcrumb","itemListElement":[{"@type":"ListItem","position":1,"name":"Hem","item":"https:\/\/www.heptown.com\/sv\/"},{"@type":"ListItem","position":2,"name":"Johannesskolan, viktig information"}]},{"@type":"WebSite","@id":"https:\/\/www.heptown.com\/sv\/#website","url":"https:\/\/www.heptown.com\/sv\/","name":"HepTown","description":"Swing Dance and Retro Culture","potentialAction":[{"@type":"SearchAction","target":{"@type":"EntryPoint","urlTemplate":"https:\/\/www.heptown.com\/sv\/?s={search_term_string}"},"query-input":{"@type":"PropertyValueSpecification","valueRequired":true,"valueName":"search_term_string"}}],"inLanguage":"sv-SE"}]}},"jetpack_sharing_enabled":true,"jetpack_shortlink":"https:\/\/wp.me\/P9tmbP-8uD","_links":{"self":[{"href":"https:\/\/www.heptown.com\/sv\/wp-json\/wp\/v2\/pages\/32651","targetHints":{"allow":["GET"]}}],"collection":[{"href":"https:\/\/www.heptown.com\/sv\/wp-json\/wp\/v2\/pages"}],"about":[{"href":"https:\/\/www.heptown.com\/sv\/wp-json\/wp\/v2\/types\/page"}],"author":[{"embeddable":true,"href":"https:\/\/www.heptown.com\/sv\/wp-json\/wp\/v2\/users\/5"}],"replies":[{"embeddable":true,"href":"https:\/\/www.heptown.com\/sv\/wp-json\/wp\/v2\/comments?post=32651"}],"version-history":[{"count":12,"href":"https:\/\/www.heptown.com\/sv\/wp-json\/wp\/v2\/pages\/32651\/revisions"}],"predecessor-version":[{"id":34199,"href":"https:\/\/www.heptown.com\/sv\/wp-json\/wp\/v2\/pages\/32651\/revisions\/34199"}],"wp:attachment":[{"href":"https:\/\/www.heptown.com\/sv\/wp-json\/wp\/v2\/media?parent=32651"}],"curies":[{"name":"wp","href":"https:\/\/api.w.org\/{rel}","templated":true}]}}