{"id":32049,"date":"2023-09-14T19:44:51","date_gmt":"2023-09-14T17:44:51","guid":{"rendered":"https:\/\/www.heptown.com\/?page_id=32049"},"modified":"2023-11-23T15:01:20","modified_gmt":"2023-11-23T14:01:20","slug":"shag","status":"publish","type":"page","link":"https:\/\/www.heptown.com\/sv\/shag\/","title":{"rendered":"Collegiate Shag in Malm\u00f6, Lund &#038; Copenhagen"},"content":{"rendered":"\n<p>Below you will find HepTowns Collegiate Shag classes that we arrange in cooperation with Fast Feet Society and all Collegiate Shag events, groups and pages we can find around \u00d6resund. please let us know what we missed. <\/p>\n\n\n\n<p class=\"has-light-gray-background-color has-background\"><strong>Dance like the college kids of the 1930\u2019s with this elegant and goofy dance!&nbsp;<\/strong><br \/>Collegiate shag is an African American vernacular dance from the 1930\u2019s and 1940\u2019s, and danced primarily to uptempo swing jazz music. While shag was danced all across the US, it is believed to have originated in the Carolinas in the 1920\u2019s. Shag can be goofy and fun, or elegant and stylistic. Shag is for everyone, not just athletes!<\/p>\n\n\n\n<h2 class=\"wp-block-heading\">Collegiate shag  dance classes and events in Malm\u00f6 and Lund that you can sign-up for right now<\/h2>\n\n\n\n\n<!-- \n    Content retrieved by CogWork API\n    Host = dans\n    Content type = shop\n    JSON Data URL = https:\/\/dans.se\/api\/json\/?org=heptown&contentType=shop&new&cat=DANCE_SHAG&dateinterval=future&searchform=0&lang=en&localUrl=https%3A%2F%2Fheptown.se%2Fsv%2Fwp-json%2Fwp%2Fv2%2Fpages%2F32049&localJsonEncodedRequest=%5B%5D\n-->\n<link rel=\"stylesheet\" href=\"https:\/\/dans.se\/files\/1371\/css\/theme.light.css\" type=\"text\/css\" media=\"all\" \/>\n<link rel=\"stylesheet\" href=\"https:\/\/dans.se\/files\/1371\/css\/lib.css\" type=\"text\/css\" media=\"all\" \/>\n<link rel=\"stylesheet\" href=\"https:\/\/static.cogwork.net\/stylesheets\/44o3VnIvDV7OG0kaWaHVE09n.css\" type=\"text\/css\" media=\"all\" \/>\n\n                    <p>No events or products found<\/p>\n<script type=\"text\/javascript\" src=\"https:\/\/dans.se\/files\/1371\/js\/lib.js\"><\/script>\n\n\n\n\n\n<h2 class=\"wp-block-heading\">Collegiate shag  dance events in and near Malm\u00f6 and Lund<\/h2>\n\n\n\n<p>You can of course dance the Collegiate shag  on a lot of more Lindy Hop ish events but below we try to list only the more dedicated Collegiate shag  events. Events that at least have a Collegiate shag  taster class and\/or a dedicated fast more Shag friendly dance floor. <\/p>\n\n\n\n<p><\/p>\n\n\n<div  class=\"tribe-compatibility-container\" >\n\t<div\n\t\t class=\"tribe-common tribe-events tribe-events-view tribe-events-view--widget-events-list tribe-events-widget\" \t\tdata-js=\"tribe-events-view\"\n\t\tdata-view-rest-url=\"https:\/\/www.heptown.com\/sv\/wp-json\/tribe\/views\/v2\/html\"\n\t\tdata-view-manage-url=\"1\"\n\t\t\t\t\t\t\tdata-view-breakpoint-pointer=\"41d3c465-978a-41f8-8c9e-b4c12b73887a\"\n\t\t\t>\n\t\t<div class=\"tribe-events-widget-events-list\">\n\n\t\t\t\n\t\t\t<script data-js=\"tribe-events-view-data\" type=\"application\/json\">\n\t{\"slug\":\"widget-events-list\",\"prev_url\":\"\",\"next_url\":\"\",\"view_class\":\"Tribe\\\\Events\\\\Views\\\\V2\\\\Views\\\\Widgets\\\\Widget_List_View\",\"view_slug\":\"widget-events-list\",\"view_label\":\"View\",\"view\":null,\"should_manage_url\":true,\"id\":null,\"alias-slugs\":null,\"title\":\"Evenemang fr\\u00e5n april 28, 2026 \\u2013 maj 2, 2026 \\u2013 HepTown\",\"limit\":\"20\",\"no_upcoming_events\":false,\"featured_events_only\":null,\"jsonld_enable\":false,\"tribe_is_list_widget\":true,\"admin_fields\":{\"title\":{\"label\":\"Rubrik:\",\"type\":\"text\",\"parent_classes\":\"\",\"classes\":\"\",\"dependency\":\"\",\"id\":\"widget-tribe-widget-events-list--1-title\",\"name\":\"widget-tribe-widget-events-list[-1][title]\",\"options\":[],\"placeholder\":\"\",\"value\":null},\"limit\":{\"label\":\"Visa:\",\"type\":\"number\",\"default\":5,\"min\":1,\"max\":10,\"step\":1,\"parent_classes\":\"\",\"classes\":\"\",\"dependency\":\"\",\"id\":\"widget-tribe-widget-events-list--1-limit\",\"name\":\"widget-tribe-widget-events-list[-1][limit]\",\"options\":[],\"placeholder\":\"\",\"value\":null},\"metadata_section\":{\"type\":\"fieldset\",\"classes\":\"tribe-common-form-control-checkbox-checkbox-group\",\"label\":\"Visa:\",\"children\":{\"cost\":{\"type\":\"checkbox\",\"label\":\"Pris\",\"parent_classes\":\"\",\"classes\":\"\",\"dependency\":\"\",\"id\":\"widget-tribe-widget-events-list--1-cost\",\"name\":\"widget-tribe-widget-events-list[-1][cost]\",\"options\":[],\"placeholder\":\"\",\"value\":null},\"venue\":{\"type\":\"checkbox\",\"label\":\"Anl\\u00e4ggning\",\"parent_classes\":\"\",\"classes\":\"\",\"dependency\":\"\",\"id\":\"widget-tribe-widget-events-list--1-venue\",\"name\":\"widget-tribe-widget-events-list[-1][venue]\",\"options\":[],\"placeholder\":\"\",\"value\":null},\"street\":{\"type\":\"checkbox\",\"label\":\"Gata\",\"parent_classes\":\"\",\"classes\":\"\",\"dependency\":\"\",\"id\":\"widget-tribe-widget-events-list--1-street\",\"name\":\"widget-tribe-widget-events-list[-1][street]\",\"options\":[],\"placeholder\":\"\",\"value\":null},\"city\":{\"type\":\"checkbox\",\"label\":\"Stad\",\"parent_classes\":\"\",\"classes\":\"\",\"dependency\":\"\",\"id\":\"widget-tribe-widget-events-list--1-city\",\"name\":\"widget-tribe-widget-events-list[-1][city]\",\"options\":[],\"placeholder\":\"\",\"value\":null},\"region\":{\"type\":\"checkbox\",\"label\":\"Stat (US) eller provins (internationellt)\",\"parent_classes\":\"\",\"classes\":\"\",\"dependency\":\"\",\"id\":\"widget-tribe-widget-events-list--1-region\",\"name\":\"widget-tribe-widget-events-list[-1][region]\",\"options\":[],\"placeholder\":\"\",\"value\":null},\"zip\":{\"type\":\"checkbox\",\"label\":\"Postnummer\",\"parent_classes\":\"\",\"classes\":\"\",\"dependency\":\"\",\"id\":\"widget-tribe-widget-events-list--1-zip\",\"name\":\"widget-tribe-widget-events-list[-1][zip]\",\"options\":[],\"placeholder\":\"\",\"value\":null},\"country\":{\"type\":\"checkbox\",\"label\":\"Land\",\"parent_classes\":\"\",\"classes\":\"\",\"dependency\":\"\",\"id\":\"widget-tribe-widget-events-list--1-country\",\"name\":\"widget-tribe-widget-events-list[-1][country]\",\"options\":[],\"placeholder\":\"\",\"value\":null},\"phone\":{\"type\":\"checkbox\",\"label\":\"Telefon\",\"parent_classes\":\"\",\"classes\":\"\",\"dependency\":\"\",\"id\":\"widget-tribe-widget-events-list--1-phone\",\"name\":\"widget-tribe-widget-events-list[-1][phone]\",\"options\":[],\"placeholder\":\"\",\"value\":null},\"organizer\":{\"type\":\"checkbox\",\"label\":\"Arrang\\u00f6r\",\"parent_classes\":\"\",\"classes\":\"\",\"dependency\":\"\",\"id\":\"widget-tribe-widget-events-list--1-organizer\",\"name\":\"widget-tribe-widget-events-list[-1][organizer]\",\"options\":[],\"placeholder\":\"\",\"value\":null},\"website\":{\"type\":\"checkbox\",\"label\":\"Hemsida\",\"parent_classes\":\"\",\"classes\":\"\",\"dependency\":\"\",\"id\":\"widget-tribe-widget-events-list--1-website\",\"name\":\"widget-tribe-widget-events-list[-1][website]\",\"options\":[],\"placeholder\":\"\",\"value\":null}},\"parent_classes\":\"\",\"dependency\":\"\",\"id\":\"widget-tribe-widget-events-list--1-metadata_section\",\"name\":\"widget-tribe-widget-events-list[-1][metadata_section]\",\"options\":[],\"placeholder\":\"\",\"value\":null},\"taxonomy_section\":{\"type\":\"section\",\"classes\":[\"calendar-widget-filters-container\"],\"label\":\"Filter:\",\"children\":{\"filters\":{\"type\":\"taxonomy-filters\",\"parent_classes\":\"\",\"classes\":\"\",\"dependency\":\"\",\"id\":\"widget-tribe-widget-events-list--1-filters\",\"label\":\"\",\"name\":\"widget-tribe-widget-events-list[-1][filters]\",\"options\":[],\"placeholder\":\"\",\"value\":null,\"list_items\":[]},\"operand\":{\"type\":\"fieldset\",\"classes\":\"tribe-common-form-control-checkbox-radio-group\",\"label\":\"Operand:\",\"selected\":\"OR\",\"children\":[{\"type\":\"radio\",\"label\":\"Match any\",\"button_value\":\"OR\",\"parent_classes\":\"\",\"classes\":\"\",\"dependency\":\"\",\"id\":\"widget-tribe-widget-events-list--1-operand\",\"name\":\"widget-tribe-widget-events-list[-1][operand]\",\"options\":[],\"placeholder\":\"\",\"value\":null},{\"type\":\"radio\",\"label\":\"Match all\",\"button_value\":\"AND\",\"parent_classes\":\"\",\"classes\":\"\",\"dependency\":\"\",\"id\":\"widget-tribe-widget-events-list--1-operand\",\"name\":\"widget-tribe-widget-events-list[-1][operand]\",\"options\":[],\"placeholder\":\"\",\"value\":null}],\"parent_classes\":\"\",\"dependency\":\"\",\"id\":\"widget-tribe-widget-events-list--1-operand\",\"name\":\"widget-tribe-widget-events-list[-1][operand]\",\"options\":[],\"placeholder\":\"\",\"value\":null}},\"parent_classes\":\"\",\"dependency\":\"\",\"id\":\"widget-tribe-widget-events-list--1-taxonomy_section\",\"name\":\"widget-tribe-widget-events-list[-1][taxonomy_section]\",\"options\":[],\"placeholder\":\"\",\"value\":null},\"taxonomy\":{\"type\":\"taxonomy\",\"classes\":\"calendar-widget-add-filter\",\"label\":\"L\\u00e4gg till ett filter:\",\"placeholder\":\"V\\u00e4lj en klassifikation\",\"parent_classes\":\"\",\"dependency\":\"\",\"id\":\"widget-tribe-widget-events-list--1-taxonomy\",\"name\":\"widget-tribe-widget-events-list[-1][taxonomy]\",\"options\":[],\"value\":null},\"no_upcoming_events\":{\"label\":\"D\\u00f6lj den h\\u00e4r widgeten om det inte finns n\\u00e5gra kommande evenemang.\",\"type\":\"checkbox\",\"parent_classes\":\"\",\"classes\":\"\",\"dependency\":\"\",\"id\":\"widget-tribe-widget-events-list--1-no_upcoming_events\",\"name\":\"widget-tribe-widget-events-list[-1][no_upcoming_events]\",\"options\":[],\"placeholder\":\"\",\"value\":null},\"featured_events_only\":{\"label\":\"Limit to featured events only\",\"type\":\"checkbox\",\"parent_classes\":\"\",\"classes\":\"\",\"dependency\":\"\",\"id\":\"widget-tribe-widget-events-list--1-featured_events_only\",\"name\":\"widget-tribe-widget-events-list[-1][featured_events_only]\",\"options\":[],\"placeholder\":\"\",\"value\":null},\"jsonld_enable\":{\"label\":\"Generera JSON-LD-data\",\"type\":\"checkbox\",\"parent_classes\":\"\",\"classes\":\"\",\"dependency\":\"\",\"id\":\"widget-tribe-widget-events-list--1-jsonld_enable\",\"name\":\"widget-tribe-widget-events-list[-1][jsonld_enable]\",\"options\":[],\"placeholder\":\"\",\"value\":null}},\"venue\":false,\"country\":false,\"street\":false,\"city\":false,\"region\":false,\"zip\":false,\"phone\":false,\"cost\":false,\"organizer\":false,\"website\":false,\"operand\":\"OR\",\"filters\":{\"post_tag\":[],\"tribe_events_cat\":[32]},\"address\":false,\"events\":[10006552],\"url\":\"https:\\\/\\\/www.heptown.com\\\/sv\\\/?post_type=tribe_events&eventDisplay=widget-events-list\",\"url_event_date\":false,\"bar\":{\"keyword\":\"\",\"date\":\"\"},\"today\":\"2026-04-28 00:00:00\",\"now\":\"2026-04-28 17:39:41\",\"home_url\":\"https:\\\/\\\/www.heptown.com\\\/sv\\\/\",\"rest_url\":\"https:\\\/\\\/www.heptown.com\\\/sv\\\/wp-json\\\/tribe\\\/views\\\/v2\\\/html\",\"rest_method\":\"GET\",\"rest_nonce\":\"\",\"today_url\":\"https:\\\/\\\/www.heptown.com\\\/sv\\\/?post_type=tribe_events&eventDisplay=widget-events-list&rest_route=%2Fwp%2Fv2%2Fpages%2F32049\",\"today_title\":\"Klicka f\\u00f6r att v\\u00e4lja dagens datum\",\"today_label\":\"Idag\",\"prev_label\":\"\",\"next_label\":\"\",\"date_formats\":{\"compact\":\"Y-m-d\",\"month_and_year_compact\":\"Y-m\",\"month_and_year\":\"F Y\",\"time_range_separator\":\" - \",\"date_time_separator\":\" @ \"},\"messages\":[],\"start_of_week\":\"1\",\"header_title\":\"\",\"header_title_element\":\"h1\",\"content_title\":\"\",\"show_content_title\":false,\"breadcrumbs\":[],\"backlink\":false,\"before_events\":\"\",\"after_events\":\"\\n<!--\\nThis calendar is powered by The Events Calendar.\\nhttp:\\\/\\\/evnt.is\\\/18wn\\n-->\\n\",\"display_events_bar\":false,\"disable_event_search\":true,\"live_refresh\":false,\"ical\":{\"display_link\":true,\"link\":{\"url\":\"https:\\\/\\\/www.heptown.com\\\/sv\\\/?post_type=tribe_events&#038;eventDisplay=widget-events-list&#038;ical=1\",\"text\":\"Exportera Evenemang\",\"title\":\"Anv\\u00e4nd detta f\\u00f6r att dela kalenderdata med Google Kalendar, Apple iCal och andra kompatibla appar\"}},\"container_classes\":[\"tribe-common\",\"tribe-events\",\"tribe-events-view\",\"tribe-events-view--widget-events-list\",\"tribe-events-widget\"],\"container_data\":[],\"is_past\":false,\"breakpoints\":{\"xsmall\":500,\"medium\":768,\"full\":960},\"breakpoint_pointer\":\"41d3c465-978a-41f8-8c9e-b4c12b73887a\",\"is_initial_load\":false,\"public_views\":{\"list\":{\"view_class\":\"Tribe\\\\Events\\\\Views\\\\V2\\\\Views\\\\List_View\",\"view_url\":\"https:\\\/\\\/www.heptown.com\\\/sv\\\/calendar\\\/lista\\\/\",\"view_label\":\"Lista\",\"aria_label\":\"Display Evenemang in Lista View\"},\"month\":{\"view_class\":\"Tribe\\\\Events\\\\Views\\\\V2\\\\Views\\\\Month_View\",\"view_url\":\"https:\\\/\\\/www.heptown.com\\\/sv\\\/calendar\\\/(\\\/?:month|mnad|m\\u00e5nad)\\\/\",\"view_label\":\"M\\u00e5nad\",\"aria_label\":\"Display Evenemang in M\\u00e5nad View\"},\"photo\":{\"view_class\":\"Tribe\\\\Events\\\\Pro\\\\Views\\\\V2\\\\Views\\\\Photo_View\",\"view_url\":\"https:\\\/\\\/www.heptown.com\\\/sv\\\/calendar\\\/foto\\\/\",\"view_label\":\"Foto\",\"aria_label\":\"Display Evenemang in Foto View\"}},\"show_latest_past\":false,\"past\":false,\"compatibility_classes\":[\"tribe-compatibility-container\"],\"view_more_text\":\"Visa kalender\",\"view_more_title\":\"Visa fler evenemang.\",\"view_more_link\":\"https:\\\/\\\/www.heptown.com\\\/sv\\\/calendar\\\/\",\"widget_title\":\"\",\"hide_if_no_upcoming_events\":false,\"display\":{\"cost\":false,\"venue\":false,\"street\":false,\"city\":false,\"region\":false,\"zip\":false,\"country\":false,\"phone\":false,\"organizer\":false,\"website\":false},\"subscribe_links\":{\"gcal\":{\"label\":\"Google Kalender\",\"single_label\":\"L\\u00e4gg till i Google Kalender\",\"visible\":true,\"block_slug\":\"hasGoogleCalendar\"},\"ical\":{\"label\":\"iCalendar\",\"single_label\":\"L\\u00e4gg till i iCalendar\",\"visible\":true,\"block_slug\":\"hasiCal\"},\"outlook-365\":{\"label\":\"Outlook 365\",\"single_label\":\"Outlook 365\",\"visible\":true,\"block_slug\":\"hasOutlook365\"},\"outlook-live\":{\"label\":\"Outlook Live\",\"single_label\":\"Outlook Live\",\"visible\":true,\"block_slug\":\"hasOutlookLive\"},\"ics\":{\"label\":\"Exportera .ics-fil\",\"single_label\":\"Exportera .ics-fil\",\"visible\":true,\"block_slug\":null},\"outlook-ics\":{\"label\":\"Exportera ics-fil f\\u00f6r Outlook\",\"single_label\":\"Exportera ics-fil f\\u00f6r Outlook\",\"visible\":true,\"block_slug\":null}},\"display_recurring_toggle\":true,\"_context\":{\"slug\":\"widget-events-list\"}}<\/script>\n\n\t\t\t\n\t\t\t\n\t\t\t\t<div class=\"tribe-events-widget-events-list__events\">\n\t\t\t\t\t\t\t\t\t\t\t<div  class=\"tribe-common-g-row tribe-events-widget-events-list__event-row\" >\n\n\t<div class=\"tribe-events-widget-events-list__event-date-tag tribe-common-g-col\">\n\t<time class=\"tribe-events-widget-events-list__event-date-tag-datetime\" datetime=\"2026-05-02\">\n\t\t<span class=\"tribe-events-widget-events-list__event-date-tag-month\">\n\t\t\tmaj\t\t<\/span>\n\t\t<span class=\"tribe-events-widget-events-list__event-date-tag-daynum tribe-common-h2 tribe-common-h4--min-medium\">\n\t\t\t2\t\t<\/span>\n\t<\/time>\n<\/div>\n<a href=\"https:\/\/www.heptown.com\/wp-content\/uploads\/2026\/04\/37010_image_668477641_1599668288835328_2924942463135007545_n-1200x800.jpg\"><img loading=\"lazy\" decoding=\"async\" width=\"150\" height=\"150\" src=\"https:\/\/www.heptown.com\/wp-content\/uploads\/2026\/04\/37010_image_668477641_1599668288835328_2924942463135007545_n-150x150.jpg\" class=\"alignleft wp-post-image\" alt=\"\" \/><\/a>\n\t<div class=\"tribe-events-widget-events-list__event-wrapper tribe-common-g-col\">\n\t\t<article  class=\"tribe-events-widget-events-list__event post-10006552 tribe_events type-tribe_events status-publish has-post-thumbnail hentry tribe_events_cat-aerials-sv tribe_events_cat-balboa-sv tribe_events_cat-big tribe_events_cat-blues-sv tribe_events_cat-collegiate-shag tribe_events_cat-heptown-sv tribe_events_cat-lindy-hop-sv tribe_events_cat-nyborjarkurs tribe_events_cat-lund-sv tribe_events_cat-oresund-sv tribe_events_cat-socialdans tribe_events_cat-solo-jazz-authentic-jazz-solo-rutinens\" >\n\t\t\t<div class=\"tribe-events-widget-events-list__event-details\">\n\n\t\t\t\t<header class=\"tribe-events-widget-events-list__event-header\">\n\t\t\t\t\t<div class=\"tribe-events-widget-events-list__event-datetime-wrapper tribe-common-b2 tribe-common-b3--min-medium\">\n\t\t<time class=\"tribe-events-widget-events-list__event-datetime\" datetime=\"2026-05-02\">\n\t\t<span class=\"tribe-event-date-start\">14:45<\/span> - <span class=\"tribe-event-time\">15:30<\/span>\t<\/time>\n\t<\/div>\n\t\t\t\t\t<h3 class=\"tribe-events-widget-events-list__event-title tribe-common-h7\">\n\t<a\n\t\thref=\"https:\/\/www.heptown.com\/sv\/calendar\/heptown-flash-mob-pa-dansens-dag\/\"\n\t\ttitle=\"HepTown Flash Mob p\u00e5 Dansens Dag\"\n\t\trel=\"bookmark\"\n\t\tclass=\"tribe-events-widget-events-list__event-title-link tribe-common-anchor-thin\"\n\t>\n\t\tHepTown Flash Mob p\u00e5 Dansens Dag\t<\/a>\n<\/h3>\n\t\t\t\t<\/header>\n\n\t\t\t\t\n\t\t\t<\/div>\n\t\t<\/article>\n\t<\/div>\n\n<\/div>\n\t\t\t\t\t\t\t\t\t<\/div>\n\n\t\t\t\t<div class=\"tribe-events-widget-events-list__view-more tribe-common-b1 tribe-common-b2--min-medium\">\n\t<a\n\t\thref=\"https:\/\/www.heptown.com\/sv\/calendar\/\"\n\t\tclass=\"tribe-events-widget-events-list__view-more-link tribe-common-anchor-thin\"\n\t\ttitle=\"Visa fler evenemang.\"\n\t>\n\t\tVisa kalender\t<\/a>\n<\/div>\n\n\t\t\t\t\t<\/div>\n\t<\/div>\n<\/div>\n<script data-js='tribe-events-view-nonce-data' type='application\/json'>{\"tvn1\":\"10122b9fe7\",\"tvn2\":\"\"}<\/script>\n\n\n\n<h2 class=\"wp-block-heading\">Collegiate shag  groups and pages around \u00d6resund<\/h2>\n","protected":false},"excerpt":{"rendered":"<p>Below you will find HepTowns Collegiate Shag classes that we arrange in cooperation with Fast Feet Society and all Collegiate Shag events, groups and pages we can find around \u00d6resund. &hellip; <a href=\"https:\/\/www.heptown.com\/sv\/shag\/\" class=\"more-link\">Forts\u00e4tt l\u00e4sa<span class=\"screen-reader-text\"> \u201dCollegiate Shag in Malm\u00f6, Lund &#038; Copenhagen\u201d<\/span><\/a><\/p>\n","protected":false},"author":5,"featured_media":0,"parent":0,"menu_order":0,"comment_status":"closed","ping_status":"closed","template":"","meta":{"footnotes":""},"class_list":["post-32049","page","type-page","status-publish","hentry"],"yoast_head":"<!-- This site is optimized with the Yoast SEO plugin v27.5 - https:\/\/yoast.com\/product\/yoast-seo-wordpress\/ -->\n<title>Collegiate Shag in Malm\u00f6, Lund &amp; Copenhagen - HepTown<\/title>\n<meta name=\"robots\" content=\"index, follow, max-snippet:-1, max-image-preview:large, max-video-preview:-1\" \/>\n<link rel=\"canonical\" href=\"https:\/\/www.heptown.com\/sv\/shag\/\" \/>\n<meta property=\"og:locale\" content=\"sv_SE\" \/>\n<meta property=\"og:type\" content=\"article\" \/>\n<meta property=\"og:title\" content=\"Collegiate Shag in Malm\u00f6, Lund &amp; Copenhagen - HepTown\" \/>\n<meta property=\"og:description\" content=\"Below you will find HepTowns Collegiate Shag classes that we arrange in cooperation with Fast Feet Society and all Collegiate Shag events, groups and pages we can find around \u00d6resund. &hellip; Forts\u00e4tt l\u00e4sa \u201dCollegiate Shag in Malm\u00f6, Lund &#038; Copenhagen\u201d\" \/>\n<meta property=\"og:url\" content=\"https:\/\/www.heptown.com\/sv\/shag\/\" \/>\n<meta property=\"og:site_name\" content=\"HepTown\" \/>\n<meta property=\"article:publisher\" content=\"https:\/\/www.facebook.com\/SwinginHepTown\" \/>\n<meta property=\"article:modified_time\" content=\"2023-11-23T14:01:20+00:00\" \/>\n<meta name=\"twitter:card\" content=\"summary_large_image\" \/>\n<meta name=\"twitter:site\" content=\"@heptownswing\" \/>\n<meta name=\"twitter:label1\" content=\"Ber\u00e4knad l\u00e4stid\" \/>\n\t<meta name=\"twitter:data1\" content=\"1 minut\" \/>\n<script type=\"application\/ld+json\" class=\"yoast-schema-graph\">{\"@context\":\"https:\\\/\\\/schema.org\",\"@graph\":[{\"@type\":\"WebPage\",\"@id\":\"https:\\\/\\\/www.heptown.com\\\/sv\\\/shag\\\/\",\"url\":\"https:\\\/\\\/www.heptown.com\\\/sv\\\/shag\\\/\",\"name\":\"Collegiate Shag in Malm\u00f6, Lund & Copenhagen - HepTown\",\"isPartOf\":{\"@id\":\"https:\\\/\\\/www.heptown.com\\\/sv\\\/#website\"},\"datePublished\":\"2023-09-14T17:44:51+00:00\",\"dateModified\":\"2023-11-23T14:01:20+00:00\",\"breadcrumb\":{\"@id\":\"https:\\\/\\\/www.heptown.com\\\/sv\\\/shag\\\/#breadcrumb\"},\"inLanguage\":\"sv-SE\",\"potentialAction\":[{\"@type\":\"ReadAction\",\"target\":[\"https:\\\/\\\/www.heptown.com\\\/sv\\\/shag\\\/\"]}]},{\"@type\":\"BreadcrumbList\",\"@id\":\"https:\\\/\\\/www.heptown.com\\\/sv\\\/shag\\\/#breadcrumb\",\"itemListElement\":[{\"@type\":\"ListItem\",\"position\":1,\"name\":\"Hem\",\"item\":\"https:\\\/\\\/www.heptown.com\\\/sv\\\/\"},{\"@type\":\"ListItem\",\"position\":2,\"name\":\"Collegiate Shag in Malm\u00f6, Lund &#038; Copenhagen\"}]},{\"@type\":\"WebSite\",\"@id\":\"https:\\\/\\\/www.heptown.com\\\/sv\\\/#website\",\"url\":\"https:\\\/\\\/www.heptown.com\\\/sv\\\/\",\"name\":\"HepTown\",\"description\":\"Swing Dance and Retro Culture\",\"potentialAction\":[{\"@type\":\"SearchAction\",\"target\":{\"@type\":\"EntryPoint\",\"urlTemplate\":\"https:\\\/\\\/www.heptown.com\\\/sv\\\/?s={search_term_string}\"},\"query-input\":{\"@type\":\"PropertyValueSpecification\",\"valueRequired\":true,\"valueName\":\"search_term_string\"}}],\"inLanguage\":\"sv-SE\"}]}<\/script>\n<!-- \/ Yoast SEO plugin. -->","yoast_head_json":{"title":"Collegiate Shag in Malm\u00f6, Lund & Copenhagen - HepTown","robots":{"index":"index","follow":"follow","max-snippet":"max-snippet:-1","max-image-preview":"max-image-preview:large","max-video-preview":"max-video-preview:-1"},"canonical":"https:\/\/www.heptown.com\/sv\/shag\/","og_locale":"sv_SE","og_type":"article","og_title":"Collegiate Shag in Malm\u00f6, Lund & Copenhagen - HepTown","og_description":"Below you will find HepTowns Collegiate Shag classes that we arrange in cooperation with Fast Feet Society and all Collegiate Shag events, groups and pages we can find around \u00d6resund. &hellip; Forts\u00e4tt l\u00e4sa \u201dCollegiate Shag in Malm\u00f6, Lund &#038; Copenhagen\u201d","og_url":"https:\/\/www.heptown.com\/sv\/shag\/","og_site_name":"HepTown","article_publisher":"https:\/\/www.facebook.com\/SwinginHepTown","article_modified_time":"2023-11-23T14:01:20+00:00","twitter_card":"summary_large_image","twitter_site":"@heptownswing","twitter_misc":{"Ber\u00e4knad l\u00e4stid":"1 minut"},"schema":{"@context":"https:\/\/schema.org","@graph":[{"@type":"WebPage","@id":"https:\/\/www.heptown.com\/sv\/shag\/","url":"https:\/\/www.heptown.com\/sv\/shag\/","name":"Collegiate Shag in Malm\u00f6, Lund & Copenhagen - HepTown","isPartOf":{"@id":"https:\/\/www.heptown.com\/sv\/#website"},"datePublished":"2023-09-14T17:44:51+00:00","dateModified":"2023-11-23T14:01:20+00:00","breadcrumb":{"@id":"https:\/\/www.heptown.com\/sv\/shag\/#breadcrumb"},"inLanguage":"sv-SE","potentialAction":[{"@type":"ReadAction","target":["https:\/\/www.heptown.com\/sv\/shag\/"]}]},{"@type":"BreadcrumbList","@id":"https:\/\/www.heptown.com\/sv\/shag\/#breadcrumb","itemListElement":[{"@type":"ListItem","position":1,"name":"Hem","item":"https:\/\/www.heptown.com\/sv\/"},{"@type":"ListItem","position":2,"name":"Collegiate Shag in Malm\u00f6, Lund &#038; Copenhagen"}]},{"@type":"WebSite","@id":"https:\/\/www.heptown.com\/sv\/#website","url":"https:\/\/www.heptown.com\/sv\/","name":"HepTown","description":"Swing Dance and Retro Culture","potentialAction":[{"@type":"SearchAction","target":{"@type":"EntryPoint","urlTemplate":"https:\/\/www.heptown.com\/sv\/?s={search_term_string}"},"query-input":{"@type":"PropertyValueSpecification","valueRequired":true,"valueName":"search_term_string"}}],"inLanguage":"sv-SE"}]}},"jetpack_sharing_enabled":true,"jetpack_shortlink":"https:\/\/wp.me\/P9tmbP-8kV","_links":{"self":[{"href":"https:\/\/www.heptown.com\/sv\/wp-json\/wp\/v2\/pages\/32049","targetHints":{"allow":["GET"]}}],"collection":[{"href":"https:\/\/www.heptown.com\/sv\/wp-json\/wp\/v2\/pages"}],"about":[{"href":"https:\/\/www.heptown.com\/sv\/wp-json\/wp\/v2\/types\/page"}],"author":[{"embeddable":true,"href":"https:\/\/www.heptown.com\/sv\/wp-json\/wp\/v2\/users\/5"}],"replies":[{"embeddable":true,"href":"https:\/\/www.heptown.com\/sv\/wp-json\/wp\/v2\/comments?post=32049"}],"version-history":[{"count":8,"href":"https:\/\/www.heptown.com\/sv\/wp-json\/wp\/v2\/pages\/32049\/revisions"}],"predecessor-version":[{"id":32412,"href":"https:\/\/www.heptown.com\/sv\/wp-json\/wp\/v2\/pages\/32049\/revisions\/32412"}],"wp:attachment":[{"href":"https:\/\/www.heptown.com\/sv\/wp-json\/wp\/v2\/media?parent=32049"}],"curies":[{"name":"wp","href":"https:\/\/api.w.org\/{rel}","templated":true}]}}