{"id":2644,"date":"2017-08-16T15:57:34","date_gmt":"2017-08-16T13:57:34","guid":{"rendered":"https:\/\/www.heptown.com\/?page_id=2644"},"modified":"2024-01-23T11:40:41","modified_gmt":"2024-01-23T10:40:41","slug":"medlem","status":"publish","type":"page","link":"https:\/\/www.heptown.com\/sv\/medlem\/","title":{"rendered":"Club HepCat  Medlem"},"content":{"rendered":"\n<p>Som <strong>Club HepCat medlem<\/strong> f\u00e5r du rabatt p\u00e5 <strong>HepTowns kurser<\/strong> och evenemang.<\/p>\n\n\n\n<p>HepCat-medlemskap kostar 100 kr per \u00e5r, ungdom upp till 26 \u00e5r endast 50kr per \u00e5r och upp till 17\u00e5r gratis.<\/p>\n\n\n\n\n<!-- \n    Content retrieved by CogWork API\n    Host = dans\n    Content type = membership\n    JSON Data URL = https:\/\/dans.se\/api\/json\/?org=heptown&contentType=membership&new&lang=sv&localUrl=https%3A%2F%2Fheptown.se%2Fsv%2Fwp-json%2Fwp%2Fv2%2Fpages%2F2644&localJsonEncodedRequest=%5B%5D\n-->\n\n                <a href=\"https:\/\/dans.se\/heptown\/mship\/new\" class=\"cwButtonMship cwButton cwButtonPrimary button button-primary button-large\" style=\"display: inline-block;\" onclick=\"cwShopWin=window.open(&#039;https:\/\/dans.se\/heptown\/mship\/new&#039;,&#039;cwShopWin&#039;,&#039;width=740,height=590,location=no,menubar=no,status=no,toolbar=no,scrollbars=yes,resizable=yes&#039;); if(cwShopWin) cwShopWin.focus(); return false;\">Bli medlem<\/a>\n\n\n\n\n<h2 class=\"wp-block-heading\">Club HepCat medlemskort<\/h2>\n\n\n\n<p>H\u00f6sten 2017 inf\u00f6rde vi elektroniska medlemskort. Dessa kort hanteras av dans.se som redan hanterar v\u00e5ra kursanm\u00e4lningar. Kursrabatter f\u00e5r du automatiskt vid anm\u00e4lan men f\u00f6r kommande event kommer du att beh\u00f6va ladda ner ditt medlemskort.<\/p>\n\n\n\n<h2 class=\"wp-block-heading\">Ladda ner ditt medlemskort<\/h2>\n\n\n\n<p>N\u00e4r betanling registrerats f\u00e5r du ett kvitto-mail. F\u00f6rr att ladda hem ditt kort h\u00e4r beh\u00f6ver du bara medlemskorts-l\u00e4nken nedan l\u00e4ngst ner i detta mail. Du kan sedan spara l\u00e4nken p\u00e5 din samart-phone eller skriva ut ditt kort om du f\u00f6redrar det. Om du inte sparat dit mail kan du se alla <a href=\"\/kurser\/mitt-konto\/meddelanden\/?lang=sv\">dina kursmail fr\u00e5n oss h\u00e4r<\/a><\/p>\n","protected":false},"excerpt":{"rendered":"<p>Som Club HepCat medlem f\u00e5r du rabatt p\u00e5 HepTowns kurser och evenemang. HepCat-medlemskap kostar 100 kr per \u00e5r, ungdom upp till 26 \u00e5r endast 50kr per \u00e5r och upp till &hellip; <a href=\"https:\/\/www.heptown.com\/sv\/medlem\/\" class=\"more-link\">Forts\u00e4tt l\u00e4sa<span class=\"screen-reader-text\"> \u201dClub HepCat  Medlem\u201d<\/span><\/a><\/p>\n","protected":false},"author":5,"featured_media":0,"parent":0,"menu_order":0,"comment_status":"closed","ping_status":"closed","template":"","meta":{"footnotes":""},"class_list":["post-2644","page","type-page","status-publish","hentry"],"yoast_head":"<!-- This site is optimized with the Yoast SEO plugin v27.4 - https:\/\/yoast.com\/product\/yoast-seo-wordpress\/ -->\n<title>Club HepCat Medlem - HepTown<\/title>\n<meta name=\"robots\" content=\"index, follow, max-snippet:-1, max-image-preview:large, max-video-preview:-1\" \/>\n<link rel=\"canonical\" href=\"https:\/\/www.heptown.com\/sv\/medlem\/\" \/>\n<meta property=\"og:locale\" content=\"sv_SE\" \/>\n<meta property=\"og:type\" content=\"article\" \/>\n<meta property=\"og:title\" content=\"Club HepCat Medlem - HepTown\" \/>\n<meta property=\"og:description\" content=\"Som Club HepCat medlem f\u00e5r du rabatt p\u00e5 HepTowns kurser och evenemang. HepCat-medlemskap kostar 100 kr per \u00e5r, ungdom upp till 26 \u00e5r endast 50kr per \u00e5r och upp till &hellip; Forts\u00e4tt l\u00e4sa \u201dClub HepCat Medlem\u201d\" \/>\n<meta property=\"og:url\" content=\"https:\/\/www.heptown.com\/sv\/medlem\/\" \/>\n<meta property=\"og:site_name\" content=\"HepTown\" \/>\n<meta property=\"article:publisher\" content=\"https:\/\/www.facebook.com\/SwinginHepTown\" \/>\n<meta property=\"article:modified_time\" content=\"2024-01-23T10:40:41+00:00\" \/>\n<meta name=\"twitter:card\" content=\"summary_large_image\" \/>\n<meta name=\"twitter:site\" content=\"@heptownswing\" \/>\n<meta name=\"twitter:label1\" content=\"Ber\u00e4knad l\u00e4stid\" \/>\n\t<meta name=\"twitter:data1\" content=\"1 minut\" \/>\n<script type=\"application\/ld+json\" class=\"yoast-schema-graph\">{\"@context\":\"https:\\\/\\\/schema.org\",\"@graph\":[{\"@type\":\"WebPage\",\"@id\":\"https:\\\/\\\/www.heptown.com\\\/sv\\\/medlem\\\/\",\"url\":\"https:\\\/\\\/www.heptown.com\\\/sv\\\/medlem\\\/\",\"name\":\"Club HepCat Medlem - HepTown\",\"isPartOf\":{\"@id\":\"https:\\\/\\\/www.heptown.com\\\/sv\\\/#website\"},\"datePublished\":\"2017-08-16T13:57:34+00:00\",\"dateModified\":\"2024-01-23T10:40:41+00:00\",\"breadcrumb\":{\"@id\":\"https:\\\/\\\/www.heptown.com\\\/sv\\\/medlem\\\/#breadcrumb\"},\"inLanguage\":\"sv-SE\",\"potentialAction\":[{\"@type\":\"ReadAction\",\"target\":[\"https:\\\/\\\/www.heptown.com\\\/sv\\\/medlem\\\/\"]}]},{\"@type\":\"BreadcrumbList\",\"@id\":\"https:\\\/\\\/www.heptown.com\\\/sv\\\/medlem\\\/#breadcrumb\",\"itemListElement\":[{\"@type\":\"ListItem\",\"position\":1,\"name\":\"Hem\",\"item\":\"https:\\\/\\\/www.heptown.com\\\/sv\\\/\"},{\"@type\":\"ListItem\",\"position\":2,\"name\":\"Club HepCat Medlem\"}]},{\"@type\":\"WebSite\",\"@id\":\"https:\\\/\\\/www.heptown.com\\\/sv\\\/#website\",\"url\":\"https:\\\/\\\/www.heptown.com\\\/sv\\\/\",\"name\":\"HepTown\",\"description\":\"Swing Dance and Retro Culture\",\"potentialAction\":[{\"@type\":\"SearchAction\",\"target\":{\"@type\":\"EntryPoint\",\"urlTemplate\":\"https:\\\/\\\/www.heptown.com\\\/sv\\\/?s={search_term_string}\"},\"query-input\":{\"@type\":\"PropertyValueSpecification\",\"valueRequired\":true,\"valueName\":\"search_term_string\"}}],\"inLanguage\":\"sv-SE\"}]}<\/script>\n<!-- \/ Yoast SEO plugin. -->","yoast_head_json":{"title":"Club HepCat Medlem - HepTown","robots":{"index":"index","follow":"follow","max-snippet":"max-snippet:-1","max-image-preview":"max-image-preview:large","max-video-preview":"max-video-preview:-1"},"canonical":"https:\/\/www.heptown.com\/sv\/medlem\/","og_locale":"sv_SE","og_type":"article","og_title":"Club HepCat Medlem - HepTown","og_description":"Som Club HepCat medlem f\u00e5r du rabatt p\u00e5 HepTowns kurser och evenemang. HepCat-medlemskap kostar 100 kr per \u00e5r, ungdom upp till 26 \u00e5r endast 50kr per \u00e5r och upp till &hellip; Forts\u00e4tt l\u00e4sa \u201dClub HepCat Medlem\u201d","og_url":"https:\/\/www.heptown.com\/sv\/medlem\/","og_site_name":"HepTown","article_publisher":"https:\/\/www.facebook.com\/SwinginHepTown","article_modified_time":"2024-01-23T10:40:41+00:00","twitter_card":"summary_large_image","twitter_site":"@heptownswing","twitter_misc":{"Ber\u00e4knad l\u00e4stid":"1 minut"},"schema":{"@context":"https:\/\/schema.org","@graph":[{"@type":"WebPage","@id":"https:\/\/www.heptown.com\/sv\/medlem\/","url":"https:\/\/www.heptown.com\/sv\/medlem\/","name":"Club HepCat Medlem - HepTown","isPartOf":{"@id":"https:\/\/www.heptown.com\/sv\/#website"},"datePublished":"2017-08-16T13:57:34+00:00","dateModified":"2024-01-23T10:40:41+00:00","breadcrumb":{"@id":"https:\/\/www.heptown.com\/sv\/medlem\/#breadcrumb"},"inLanguage":"sv-SE","potentialAction":[{"@type":"ReadAction","target":["https:\/\/www.heptown.com\/sv\/medlem\/"]}]},{"@type":"BreadcrumbList","@id":"https:\/\/www.heptown.com\/sv\/medlem\/#breadcrumb","itemListElement":[{"@type":"ListItem","position":1,"name":"Hem","item":"https:\/\/www.heptown.com\/sv\/"},{"@type":"ListItem","position":2,"name":"Club HepCat Medlem"}]},{"@type":"WebSite","@id":"https:\/\/www.heptown.com\/sv\/#website","url":"https:\/\/www.heptown.com\/sv\/","name":"HepTown","description":"Swing Dance and Retro Culture","potentialAction":[{"@type":"SearchAction","target":{"@type":"EntryPoint","urlTemplate":"https:\/\/www.heptown.com\/sv\/?s={search_term_string}"},"query-input":{"@type":"PropertyValueSpecification","valueRequired":true,"valueName":"search_term_string"}}],"inLanguage":"sv-SE"}]}},"jetpack_sharing_enabled":true,"jetpack_shortlink":"https:\/\/wp.me\/P9tmbP-GE","_links":{"self":[{"href":"https:\/\/www.heptown.com\/sv\/wp-json\/wp\/v2\/pages\/2644","targetHints":{"allow":["GET"]}}],"collection":[{"href":"https:\/\/www.heptown.com\/sv\/wp-json\/wp\/v2\/pages"}],"about":[{"href":"https:\/\/www.heptown.com\/sv\/wp-json\/wp\/v2\/types\/page"}],"author":[{"embeddable":true,"href":"https:\/\/www.heptown.com\/sv\/wp-json\/wp\/v2\/users\/5"}],"replies":[{"embeddable":true,"href":"https:\/\/www.heptown.com\/sv\/wp-json\/wp\/v2\/comments?post=2644"}],"version-history":[{"count":22,"href":"https:\/\/www.heptown.com\/sv\/wp-json\/wp\/v2\/pages\/2644\/revisions"}],"predecessor-version":[{"id":32980,"href":"https:\/\/www.heptown.com\/sv\/wp-json\/wp\/v2\/pages\/2644\/revisions\/32980"}],"wp:attachment":[{"href":"https:\/\/www.heptown.com\/sv\/wp-json\/wp\/v2\/media?parent=2644"}],"curies":[{"name":"wp","href":"https:\/\/api.w.org\/{rel}","templated":true}]}}