{"id":137,"date":"2016-12-06T14:26:48","date_gmt":"2016-12-06T13:26:48","guid":{"rendered":"http:\/\/heptown.com\/?page_id=137"},"modified":"2023-03-01T12:35:14","modified_gmt":"2023-03-01T11:35:14","slug":"mitt-konto","status":"publish","type":"page","link":"https:\/\/www.heptown.com\/sv\/kurser\/mitt-konto\/","title":{"rendered":"Mitt konto \/ login"},"content":{"rendered":"\n<p>HepTowns anv\u00e4ndarkonton f\u00f6r kursanm\u00e4lningar hanteras av <a href=\"https:\/\/dans.se\/?lang=sv\" target=\"_blank\" rel=\"noreferrer noopener\">dans.se<\/a>. En professionell service som hanterar registreringar f\u00f6r hundratals dansorganisationer i Sverige.<\/p>\n\n\n\n<p><strong>Kurserna hittar du fortfarande l\u00e4ttast p\u00e5 v\u00e5r egen <a href=\"https:\/\/www.heptown.com\/sv\/kurser\/\" target=\"_blank\" rel=\"noreferrer noopener\">kurssida<\/a><\/strong> och du beh\u00f6ver inte logga in f\u00f6r att anm\u00e4la dig men du kan <a href=\"https:\/\/dans.se\/me\/\" target=\"_blank\" rel=\"noreferrer noopener\">logga in<\/a> f\u00f6r att <a href=\"https:\/\/dans.se\/me\/regs\/?lang=sv\">se alla <\/a><a href=\"https:\/\/dans.se\/me\/regs\/?lang=sv\" target=\"_blank\" rel=\"noreferrer noopener\">anm\u00e4lningar<\/a> och deras k\u00f6status. Du kan \u00e4ven <a href=\"https:\/\/dans.se\/me\/messages\/\" target=\"_blank\" rel=\"noreferrer noopener\">se alla meddelanden <strong>inkl kvitton<\/strong><\/a>, betala <a href=\"https:\/\/dans.se\/me\/pay\/\" target=\"_blank\" rel=\"noreferrer noopener\">obetalda kurser<\/a> och <a href=\"https:\/\/dans.se\/me\/edit\/\" target=\"_blank\" rel=\"noreferrer noopener\">uppdatera dina kontaktuppgifter<\/a>.<\/p>\n\n\n\n<ul class=\"wp-block-list\">\n<li><a href=\"https:\/\/dans.se\/me\/\" target=\"_blank\" rel=\"noreferrer noopener\">Logga in<\/a><\/li>\n\n\n\n<li><a href=\"https:\/\/dans.se\/me\/regs\/?lang=sv\" target=\"_blank\" rel=\"noreferrer noopener\">Anm\u00e4lningar och k\u00f6status<\/a><\/li>\n\n\n\n<li><a href=\"https:\/\/dans.se\/me\/messages\/\">Meddelanden <strong>&amp; kvitton<\/strong><\/a><\/li>\n\n\n\n<li><a href=\"https:\/\/dans.se\/me\/pay\/\" target=\"_blank\" rel=\"noreferrer noopener\">Obetalda kurser<\/a><\/li>\n\n\n\n<li><a href=\"https:\/\/dans.se\/me\/edit\/\" target=\"_blank\" rel=\"noreferrer noopener\">Uppdatera kontaktuppgifter<\/a><\/li>\n<\/ul>\n\n\n\n<p class=\"has-small-font-size\">Av sekretess och s\u00e4kerhetssk\u00e4l vi inte har importerat n\u00e5gon anv\u00e4ndarinformation fr\u00e5n v\u00e5r gamla hemsida som togs ur bruk november 2016.<\/p>\n","protected":false},"excerpt":{"rendered":"<p>HepTowns anv\u00e4ndarkonton f\u00f6r kursanm\u00e4lningar hanteras av dans.se. En professionell service som hanterar registreringar f\u00f6r hundratals dansorganisationer i Sverige. Kurserna hittar du fortfarande l\u00e4ttast p\u00e5 v\u00e5r egen kurssida och du beh\u00f6ver &hellip; <a href=\"https:\/\/www.heptown.com\/sv\/kurser\/mitt-konto\/\" class=\"more-link\">Forts\u00e4tt l\u00e4sa<span class=\"screen-reader-text\"> \u201dMitt konto \/ login\u201d<\/span><\/a><\/p>\n","protected":false},"author":1,"featured_media":0,"parent":97,"menu_order":99,"comment_status":"closed","ping_status":"closed","template":"","meta":{"footnotes":""},"class_list":["post-137","page","type-page","status-publish","hentry"],"yoast_head":"<!-- This site is optimized with the Yoast SEO plugin v27.5 - https:\/\/yoast.com\/product\/yoast-seo-wordpress\/ -->\n<title>Mitt konto \/ login - HepTown<\/title>\n<meta name=\"robots\" content=\"index, follow, max-snippet:-1, max-image-preview:large, max-video-preview:-1\" \/>\n<link rel=\"canonical\" href=\"https:\/\/www.heptown.com\/sv\/kurser\/mitt-konto\/\" \/>\n<meta property=\"og:locale\" content=\"sv_SE\" \/>\n<meta property=\"og:type\" content=\"article\" \/>\n<meta property=\"og:title\" content=\"Mitt konto \/ login - HepTown\" \/>\n<meta property=\"og:description\" content=\"HepTowns anv\u00e4ndarkonton f\u00f6r kursanm\u00e4lningar hanteras av dans.se. En professionell service som hanterar registreringar f\u00f6r hundratals dansorganisationer i Sverige. Kurserna hittar du fortfarande l\u00e4ttast p\u00e5 v\u00e5r egen kurssida och du beh\u00f6ver &hellip; Forts\u00e4tt l\u00e4sa \u201dMitt konto \/ login\u201d\" \/>\n<meta property=\"og:url\" content=\"https:\/\/www.heptown.com\/sv\/kurser\/mitt-konto\/\" \/>\n<meta property=\"og:site_name\" content=\"HepTown\" \/>\n<meta property=\"article:publisher\" content=\"https:\/\/www.facebook.com\/SwinginHepTown\" \/>\n<meta property=\"article:modified_time\" content=\"2023-03-01T11:35:14+00:00\" \/>\n<meta name=\"twitter:card\" content=\"summary_large_image\" \/>\n<meta name=\"twitter:site\" content=\"@heptownswing\" \/>\n<meta name=\"twitter:label1\" content=\"Ber\u00e4knad l\u00e4stid\" \/>\n\t<meta name=\"twitter:data1\" content=\"1 minut\" \/>\n<script type=\"application\/ld+json\" class=\"yoast-schema-graph\">{\"@context\":\"https:\\\/\\\/schema.org\",\"@graph\":[{\"@type\":\"WebPage\",\"@id\":\"https:\\\/\\\/www.heptown.com\\\/sv\\\/kurser\\\/mitt-konto\\\/\",\"url\":\"https:\\\/\\\/www.heptown.com\\\/sv\\\/kurser\\\/mitt-konto\\\/\",\"name\":\"Mitt konto \\\/ login - HepTown\",\"isPartOf\":{\"@id\":\"https:\\\/\\\/www.heptown.com\\\/sv\\\/#website\"},\"datePublished\":\"2016-12-06T13:26:48+00:00\",\"dateModified\":\"2023-03-01T11:35:14+00:00\",\"breadcrumb\":{\"@id\":\"https:\\\/\\\/www.heptown.com\\\/sv\\\/kurser\\\/mitt-konto\\\/#breadcrumb\"},\"inLanguage\":\"sv-SE\",\"potentialAction\":[{\"@type\":\"ReadAction\",\"target\":[\"https:\\\/\\\/www.heptown.com\\\/sv\\\/kurser\\\/mitt-konto\\\/\"]}]},{\"@type\":\"BreadcrumbList\",\"@id\":\"https:\\\/\\\/www.heptown.com\\\/sv\\\/kurser\\\/mitt-konto\\\/#breadcrumb\",\"itemListElement\":[{\"@type\":\"ListItem\",\"position\":1,\"name\":\"Hem\",\"item\":\"https:\\\/\\\/www.heptown.com\\\/sv\\\/\"},{\"@type\":\"ListItem\",\"position\":2,\"name\":\"Lindy Hop och andra Swingdanskurser\",\"item\":\"https:\\\/\\\/www.heptown.com\\\/sv\\\/kurser\\\/\"},{\"@type\":\"ListItem\",\"position\":3,\"name\":\"Mitt konto \\\/ login\"}]},{\"@type\":\"WebSite\",\"@id\":\"https:\\\/\\\/www.heptown.com\\\/sv\\\/#website\",\"url\":\"https:\\\/\\\/www.heptown.com\\\/sv\\\/\",\"name\":\"HepTown\",\"description\":\"Swing Dance and Retro Culture\",\"potentialAction\":[{\"@type\":\"SearchAction\",\"target\":{\"@type\":\"EntryPoint\",\"urlTemplate\":\"https:\\\/\\\/www.heptown.com\\\/sv\\\/?s={search_term_string}\"},\"query-input\":{\"@type\":\"PropertyValueSpecification\",\"valueRequired\":true,\"valueName\":\"search_term_string\"}}],\"inLanguage\":\"sv-SE\"}]}<\/script>\n<!-- \/ Yoast SEO plugin. -->","yoast_head_json":{"title":"Mitt konto \/ login - HepTown","robots":{"index":"index","follow":"follow","max-snippet":"max-snippet:-1","max-image-preview":"max-image-preview:large","max-video-preview":"max-video-preview:-1"},"canonical":"https:\/\/www.heptown.com\/sv\/kurser\/mitt-konto\/","og_locale":"sv_SE","og_type":"article","og_title":"Mitt konto \/ login - HepTown","og_description":"HepTowns anv\u00e4ndarkonton f\u00f6r kursanm\u00e4lningar hanteras av dans.se. En professionell service som hanterar registreringar f\u00f6r hundratals dansorganisationer i Sverige. Kurserna hittar du fortfarande l\u00e4ttast p\u00e5 v\u00e5r egen kurssida och du beh\u00f6ver &hellip; Forts\u00e4tt l\u00e4sa \u201dMitt konto \/ login\u201d","og_url":"https:\/\/www.heptown.com\/sv\/kurser\/mitt-konto\/","og_site_name":"HepTown","article_publisher":"https:\/\/www.facebook.com\/SwinginHepTown","article_modified_time":"2023-03-01T11:35:14+00:00","twitter_card":"summary_large_image","twitter_site":"@heptownswing","twitter_misc":{"Ber\u00e4knad l\u00e4stid":"1 minut"},"schema":{"@context":"https:\/\/schema.org","@graph":[{"@type":"WebPage","@id":"https:\/\/www.heptown.com\/sv\/kurser\/mitt-konto\/","url":"https:\/\/www.heptown.com\/sv\/kurser\/mitt-konto\/","name":"Mitt konto \/ login - HepTown","isPartOf":{"@id":"https:\/\/www.heptown.com\/sv\/#website"},"datePublished":"2016-12-06T13:26:48+00:00","dateModified":"2023-03-01T11:35:14+00:00","breadcrumb":{"@id":"https:\/\/www.heptown.com\/sv\/kurser\/mitt-konto\/#breadcrumb"},"inLanguage":"sv-SE","potentialAction":[{"@type":"ReadAction","target":["https:\/\/www.heptown.com\/sv\/kurser\/mitt-konto\/"]}]},{"@type":"BreadcrumbList","@id":"https:\/\/www.heptown.com\/sv\/kurser\/mitt-konto\/#breadcrumb","itemListElement":[{"@type":"ListItem","position":1,"name":"Hem","item":"https:\/\/www.heptown.com\/sv\/"},{"@type":"ListItem","position":2,"name":"Lindy Hop och andra Swingdanskurser","item":"https:\/\/www.heptown.com\/sv\/kurser\/"},{"@type":"ListItem","position":3,"name":"Mitt konto \/ login"}]},{"@type":"WebSite","@id":"https:\/\/www.heptown.com\/sv\/#website","url":"https:\/\/www.heptown.com\/sv\/","name":"HepTown","description":"Swing Dance and Retro Culture","potentialAction":[{"@type":"SearchAction","target":{"@type":"EntryPoint","urlTemplate":"https:\/\/www.heptown.com\/sv\/?s={search_term_string}"},"query-input":{"@type":"PropertyValueSpecification","valueRequired":true,"valueName":"search_term_string"}}],"inLanguage":"sv-SE"}]}},"jetpack_sharing_enabled":true,"jetpack_shortlink":"https:\/\/wp.me\/P9tmbP-2d","_links":{"self":[{"href":"https:\/\/www.heptown.com\/sv\/wp-json\/wp\/v2\/pages\/137","targetHints":{"allow":["GET"]}}],"collection":[{"href":"https:\/\/www.heptown.com\/sv\/wp-json\/wp\/v2\/pages"}],"about":[{"href":"https:\/\/www.heptown.com\/sv\/wp-json\/wp\/v2\/types\/page"}],"author":[{"embeddable":true,"href":"https:\/\/www.heptown.com\/sv\/wp-json\/wp\/v2\/users\/1"}],"replies":[{"embeddable":true,"href":"https:\/\/www.heptown.com\/sv\/wp-json\/wp\/v2\/comments?post=137"}],"version-history":[{"count":8,"href":"https:\/\/www.heptown.com\/sv\/wp-json\/wp\/v2\/pages\/137\/revisions"}],"predecessor-version":[{"id":30548,"href":"https:\/\/www.heptown.com\/sv\/wp-json\/wp\/v2\/pages\/137\/revisions\/30548"}],"up":[{"embeddable":true,"href":"https:\/\/www.heptown.com\/sv\/wp-json\/wp\/v2\/pages\/97"}],"wp:attachment":[{"href":"https:\/\/www.heptown.com\/sv\/wp-json\/wp\/v2\/media?parent=137"}],"curies":[{"name":"wp","href":"https:\/\/api.w.org\/{rel}","templated":true}]}}